{"id":1654,"date":"2021-06-10T16:41:11","date_gmt":"2021-06-10T16:41:11","guid":{"rendered":"https:\/\/poliklinikapantovcak.com\/vistabel-antiperspirantna-terapija\/"},"modified":"2022-04-24T12:16:44","modified_gmt":"2022-04-24T12:16:44","slug":"vistabel-antiperspirantna-terapija","status":"publish","type":"page","link":"https:\/\/poliklinikapantovcak.com\/sl\/vistabel-antiperspirantna-terapija\/","title":{"rendered":"Vistabel antiperspirantna terapija"},"content":{"rendered":"<p>[et_pb_section fb_built=&#8221;1&#8243; admin_label=&#8221;Hero&#8221; _builder_version=&#8221;4.16&#8243; custom_margin=&#8221;||-45px|||&#8221; custom_padding=&#8221;0|0px|54px|0px|false|false&#8221; bottom_divider_height=&#8221;0px&#8221; border_width_bottom=&#8221;1px&#8221; border_color_bottom=&#8221;#efefef&#8221; global_colors_info=&#8221;{}&#8221;][et_pb_row column_structure=&#8221;1_2,1_2&#8243; _builder_version=&#8221;4.16&#8243; width=&#8221;100%&#8221; max_width=&#8221;100%&#8221; custom_margin=&#8221;|||&#8221; custom_margin_tablet=&#8221;||0px|&#8221; custom_margin_phone=&#8221;&#8221; custom_margin_last_edited=&#8221;on|desktop&#8221; custom_padding=&#8221;0|0px|0px|0px|false|false&#8221; use_custom_width=&#8221;on&#8221; width_unit=&#8221;off&#8221; custom_width_percent=&#8221;100%&#8221; global_colors_info=&#8221;{}&#8221;][et_pb_column type=&#8221;1_2&#8243; _builder_version=&#8221;4.16&#8243; custom_padding=&#8221;6%||6%|12%&#8221; custom_padding_tablet=&#8221;50px|50px|50px|50px&#8221; custom_padding_phone=&#8221;&#8221; custom_padding_last_edited=&#8221;on|tablet&#8221; global_colors_info=&#8221;{}&#8221; padding_tablet=&#8221;50px|50px|50px|50px&#8221; padding_last_edited=&#8221;on|tablet&#8221; custom_padding__hover=&#8221;|||&#8221; padding_phone=&#8221;50px|50px|50px|50px&#8221;][et_pb_text _builder_version=&#8221;4.16&#8243; text_font=&#8221;Montserrat|300|||||||&#8221; text_text_color=&#8221;#677a92&#8243; text_font_size=&#8221;16px&#8221; text_line_height=&#8221;1.8em&#8221; header_font=&#8221;Montserrat||||||||&#8221; header_font_size=&#8221;50px&#8221; header_line_height=&#8221;1.3em&#8221; header_2_font=&#8221;||||||||&#8221; max_width=&#8221;600px&#8221; custom_margin=&#8221;|||&#8221; custom_margin_tablet=&#8221;0px|50px||50px&#8221; custom_margin_phone=&#8221;|20px||&#8221; custom_margin_last_edited=&#8221;off|desktop&#8221; custom_padding=&#8221;|||&#8221; text_line_height_tablet=&#8221;1.8em&#8221; text_line_height_phone=&#8221;1.8em&#8221; text_line_height_last_edited=&#8221;on|phone&#8221; header_font_size_tablet=&#8221;&#8221; header_font_size_phone=&#8221;36px&#8221; header_font_size_last_edited=&#8221;on|phone&#8221; header_2_font_size_phone=&#8221;30px&#8221; header_2_font_size_last_edited=&#8221;off|desktop&#8221; locked=&#8221;off&#8221; global_colors_info=&#8221;{}&#8221;]<\/p>\n<h1>Vistabel antiperspirantna terapija <\/h1>\n<p>[\/et_pb_text][et_pb_text _builder_version=&#8221;4.16&#8243; text_font=&#8221;Montserrat|300|||||||&#8221; text_font_size=&#8221;16px&#8221; text_line_height=&#8221;2em&#8221; link_font=&#8221;||||||||&#8221; ul_font=&#8221;||||||||&#8221; ol_font=&#8221;||||||||&#8221; quote_font=&#8221;||||||||&#8221; header_font=&#8221;||||||||&#8221; header_2_font=&#8221;Montserrat|300|||||||&#8221; header_2_text_color=&#8221;#212d3b&#8221; header_2_font_size=&#8221;40px&#8221; header_2_line_height=&#8221;1.5em&#8221; max_width=&#8221;600px&#8221; custom_margin=&#8221;|||&#8221; custom_margin_tablet=&#8221;0px|50px||50px&#8221; custom_margin_last_edited=&#8221;off|desktop&#8221; custom_padding=&#8221;|||&#8221; locked=&#8221;off&#8221; global_colors_info=&#8221;{}&#8221;]<\/p>\n<p><span style=\"font-weight: 400;\">Potenje je naraven proces, ko se iz telesa izlo\u010dajo \u0161kodljive snovi in se uravnava telesna temperatura. Potenje je pomembno za zdravje. Ko pride do prekomernega potenja, <strong>povzro\u010da nelagodje<\/strong>. Pojav \u010dezmernega znojenja ni povezan z visokimi temperaturami ali intenzivno telesno dejavnostjo, temve\u010d je estetski in zdravstveni problem. <\/span><\/p>\n<p>[\/et_pb_text][et_pb_button button_url=&#8221;https:\/\/poliklinikapantovcak.com\/sl\/o-nas\/dr-drzislav-markovina-2\/&#8221; button_text=&#8221;VPRA\u0160AJTE ZDRAVNIKA&#8221; button_alignment=&#8221;left&#8221; _builder_version=&#8221;4.16.0&#8243; custom_button=&#8221;on&#8221; button_text_size=&#8221;14px&#8221; button_text_color=&#8221;#FFFFFF&#8221; button_bg_color=&#8221;#FF5335&#8243; button_border_width=&#8221;16px&#8221; button_border_color=&#8221;#FF5335&#8243; button_border_radius=&#8221;100px&#8221; button_letter_spacing=&#8221;1px&#8221; button_font=&#8221;Montserrat|500|||||||&#8221; background_layout=&#8221;dark&#8221; custom_margin=&#8221;|||&#8221; custom_padding=&#8221;|||&#8221; hover_enabled=&#8221;0&#8243; locked=&#8221;off&#8221; global_colors_info=&#8221;{}&#8221; button_text_size__hover_enabled=&#8221;off&#8221; button_one_text_size__hover_enabled=&#8221;off&#8221; button_two_text_size__hover_enabled=&#8221;off&#8221; button_text_color__hover_enabled=&#8221;off&#8221; button_one_text_color__hover_enabled=&#8221;off&#8221; button_two_text_color__hover_enabled=&#8221;off&#8221; button_border_width__hover_enabled=&#8221;off&#8221; button_one_border_width__hover_enabled=&#8221;off&#8221; button_two_border_width__hover_enabled=&#8221;off&#8221; button_border_color__hover_enabled=&#8221;off&#8221; button_one_border_color__hover_enabled=&#8221;off&#8221; button_two_border_color__hover_enabled=&#8221;off&#8221; button_border_radius__hover_enabled=&#8221;off&#8221; button_one_border_radius__hover_enabled=&#8221;off&#8221; button_two_border_radius__hover_enabled=&#8221;off&#8221; button_letter_spacing__hover_enabled=&#8221;off&#8221; button_one_letter_spacing__hover_enabled=&#8221;off&#8221; button_two_letter_spacing__hover_enabled=&#8221;off&#8221; button_bg_color__hover_enabled=&#8221;off&#8221; button_one_bg_color__hover_enabled=&#8221;off&#8221; button_two_bg_color__hover_enabled=&#8221;off&#8221; sticky_enabled=&#8221;0&#8243;][\/et_pb_button][\/et_pb_column][et_pb_column type=&#8221;1_2&#8243; _builder_version=&#8221;4.16&#8243; custom_padding=&#8221;|||&#8221; global_colors_info=&#8221;{}&#8221; custom_padding__hover=&#8221;|||&#8221;][et_pb_image src=&#8221;https:\/\/poliklinikapantovcak.com\/wp-content\/uploads\/2021\/12\/tretman-protiv-znojenja-vistabel-scaled.jpg&#8221; alt=&#8221;Dr Markovina izvaja presaditev las po fue metodi&#8221; title_text=&#8221;Vistabel antiperspirantna terapija&#8221; force_fullwidth=&#8221;on&#8221; align_tablet=&#8221;center&#8221; align_phone=&#8221;&#8221; align_last_edited=&#8221;on|desktop&#8221; _builder_version=&#8221;4.16&#8243; min_height=&#8221;679px&#8221; custom_margin=&#8221;|||&#8221; custom_padding=&#8221;||89px|||&#8221; animation_style=&#8221;slide&#8221; animation_direction=&#8221;right&#8221; animation_intensity_slide=&#8221;5%&#8221; border_radii=&#8221;||||30vw&#8221; border_color_all=&#8221;#FF5335&#8243; border_width_left=&#8221;2vw&#8221; box_shadow_style=&#8221;preset4&#8243; box_shadow_horizontal=&#8221;-30px&#8221; box_shadow_vertical=&#8221;0px&#8221; box_shadow_color=&#8221;#FF5335&#8243; global_colors_info=&#8221;{}&#8221;][\/et_pb_image][\/et_pb_column][\/et_pb_row][\/et_pb_section][et_pb_section fb_built=&#8221;1&#8243; _builder_version=&#8221;4.16&#8243; custom_margin=&#8221;-26px|||||&#8221; custom_padding=&#8221;4px|0px|0px|0px|false|false&#8221; locked=&#8221;off&#8221; global_colors_info=&#8221;{}&#8221;][et_pb_row column_structure=&#8221;2_3,1_3&#8243; _builder_version=&#8221;4.16&#8243; global_colors_info=&#8221;{}&#8221;][et_pb_column type=&#8221;2_3&#8243; _builder_version=&#8221;4.16&#8243; custom_padding=&#8221;|||&#8221; global_colors_info=&#8221;{}&#8221; custom_padding__hover=&#8221;|||&#8221;][et_pb_text _builder_version=&#8221;4.16&#8243; _module_preset=&#8221;default&#8221; text_font=&#8221;Montserrat|300|||||||&#8221; text_font_size=&#8221;16px&#8221; text_line_height=&#8221;2em&#8221; global_colors_info=&#8221;{}&#8221;]<\/p>\n<h2><b>Kaj je Vistabel?<\/b><\/h2>\n<p><span style=\"font-weight: 400;\">Vistabel je vrsta botoksa, ki se uporablja za odstranjevanje finih, drobnih gub in bla\u017eitev globljih gub. Izdeluje ga Allergan z uporabo Clostidium Botulinum. Vistabel je visokokakovostna pre\u010di\u0161\u010dena beljakovina, ki so jo uporabljali v klasi\u010dni medicini, preden so jo uporabili za namene pomlajevanja. Oftalmologija, nevrologija, otorinolaringologija, ginekologija, pediatrija so veje medicine, ki so uporabljale to vrsto botoksa.<\/span><\/p>\n<p><span style=\"font-weight: 400;\">Zadnji dve desetletji je botoks nepogre\u0161ljiv del palete estetskih posegov. Poleg pomlajevanja se botoks Vistabel uspe\u0161no uporablja za antiperspirantno terapijo. <\/span><\/p>\n<h2><b>Kdaj se uporablja antiperspirant Vistabel?<\/b><\/h2>\n<p><span style=\"font-weight: 400;\">Vistabel se uporablja v primerih, ko prekomerno znojenje ovira vsakodnevne aktivnosti, rekreacijo in \u0161port ter povzro\u010da neprijetnosti. <\/span><\/p>\n<h2><b>Kdo je kandidat za zdravljenje z antiperspiranti Vistabel?<\/b><\/h2>\n<p><span style=\"font-weight: 400;\">Odrasli mo\u0161ki in \u017eenske, ki imajo te\u017eave s prekomernim potenjem, so potencialni kandidati za zdravljenje z antiperspiranti Vistabel.<\/span><\/p>\n<h2><b>Kako poteka zdravljenje z zdravilom Vistabel?<\/b><\/h2>\n<p><span style=\"font-weight: 400;\">Vistabel je u\u010dinkovito orodje za boj proti prekomernemu potenju. Terapija Vistabel deluje tako, da blokira \u017eiv\u010dne signale, ki delujejo na znojne \u017eleze. <\/span><\/p>\n<p><span style=\"font-weight: 400;\">Obdelava aplikacije Vistabela traja pribli\u017eno eno uro. Pred nanosom botoksa na predel, ki ga je treba zdraviti, nanesemo anesteti\u010dno kremo, da zmanj\u0161amo bole\u010dino vboda. Vistabel se nanese z majhno iglo na vse strani, da se celotno obmo\u010dje enakomerno obdela. Posebno okrevanje po terapiji ni potrebno, pomembno je le, da ostane pacient pokonci nekaj ur, nato pa se lahko vrne k vsakodnevnim dejavnostim. <\/span><\/p>\n<p><span style=\"font-weight: 400;\">U\u010dinek botoksa na prekomerno potenje traja v povpre\u010dju do \u0161est mesecev, nato pa je treba zdravljenje ponoviti.<\/span><\/p>\n<h2><b>Kak\u0161ni so stranski u\u010dinki in ali obstajajo tveganja?<\/b><\/h2>\n<p><span style=\"font-weight: 400;\">Prednost antiperspirantne terapije Vistabel je v tem, da ni stranskih u\u010dinkov. Tovrstno zdravljenje je idealna re\u0161itev za odpravo prekomernega potenja. <\/span><\/p>\n<p><span style=\"font-weight: 400;\">\u010ce ima bolnik preve\u010d \u017elez znojnic, za katere prva terapija ni zadostovala, je treba terapijo kmalu ponoviti. <\/span><\/p>\n<h2><b>Kako dolgo je u\u010dinkovita antiperspirantna terapija Visabel?<\/b><\/h2>\n<p><span style=\"font-weight: 400;\">Vistabelova antiperspirantna terapija deluje v povpre\u010dju do \u0161est mesecev, a v\u010dasih tudi dlje, zato je za zmanj\u0161anje prekomernega potenja treba zdravljenje ponoviti do dvakrat letno. <\/span><\/p>\n<h2><b>Cena antiperspirantne terapije Vistabel<\/b><\/h2>\n<p><span style=\"font-weight: 400;\">Cene antiperspirantne terapije Vistabel so odvisne od koli\u010dine botoksa, potrebnega za zdravljenje. Podrobnej\u0161e informacije o cenah lahko dobite na telefonski \u0161tevilki 01\/123 456 ali e-po\u0161ti info@poliklinikapantovcak.com. Pacientom so na voljo prilagodljive mo\u017enosti pla\u010dila.<\/span><\/p>\n<p>[\/et_pb_text][et_pb_text _builder_version=&#8221;4.16&#8243; _module_preset=&#8221;default&#8221; text_font=&#8221;Montserrat|300|||||||&#8221; text_font_size=&#8221;16px&#8221; text_line_height=&#8221;2em&#8221; header_2_font=&#8221;Montserrat|300|||||||&#8221; header_2_line_height=&#8221;1.5em&#8221; global_colors_info=&#8221;{}&#8221;]<strong>Autor:<\/strong> Dr. Dr\u017eislav Markovina<br \/>\n[\/et_pb_text][\/et_pb_column][et_pb_column type=&#8221;1_3&#8243; _builder_version=&#8221;4.16&#8243; custom_padding=&#8221;|||&#8221; global_colors_info=&#8221;{}&#8221; custom_padding__hover=&#8221;|||&#8221;][et_pb_text _builder_version=&#8221;4.16.0&#8243; text_font=&#8221;Montserrat||||||||&#8221; text_font_size=&#8221;16px&#8221; text_line_height=&#8221;1.8em&#8221; link_font=&#8221;||||||||solid&#8221; link_text_color=&#8221;#2f8cff&#8221; ul_font=&#8221;||||||||&#8221; ul_line_height=&#8221;2em&#8221; header_font=&#8221;||||||||&#8221; header_2_font=&#8221;||||||||&#8221; header_3_font=&#8221;Montserrat|300|||||||&#8221; header_3_font_size=&#8221;24px&#8221; header_3_line_height=&#8221;1.5em&#8221; max_width=&#8221;600px&#8221; custom_margin=&#8221;|||&#8221; custom_margin_tablet=&#8221;0px|50px||50px&#8221; custom_margin_last_edited=&#8221;off|desktop&#8221; custom_padding=&#8221;|||&#8221; header_2_font_size_phone=&#8221;30px&#8221; header_2_font_size_last_edited=&#8221;off|desktop&#8221; global_module=&#8221;1857&#8243; saved_tabs=&#8221;all&#8221; locked=&#8221;off&#8221; global_colors_info=&#8221;{}&#8221;]<\/p>\n<h3><strong>KORISTNE POVEZAVE<\/strong><\/h3>\n<ul>\n<li><a href=\"#\">Vistabel terapija bora lica <\/a><\/li>\n<li><a href=\"https:\/\/poliklinikapantovcak.com\/sl\/vistabel-antiperspirantna-terapija\/\">Vistabel antiperspirantna terapija <\/a><\/li>\n<li><a href=\"https:\/\/poliklinikapantovcak.com\/sl\/povecanje-ustnic\/\">Pove\u010danje ustnic<\/a><\/li>\n<li><a href=\"https:\/\/poliklinikapantovcak.com\/sl\/hialuronska-dermalna-polnila\/\">Hialuronska dermalna polnila<\/a><\/li>\n<\/ul>\n<p>[\/et_pb_text][et_pb_text _builder_version=&#8221;4.16&#8243; _module_preset=&#8221;default&#8221; global_colors_info=&#8221;{}&#8221;]<\/p>\n<h3><strong>Naro\u010di se na pregled<\/strong><\/h3>\n<p>[\/et_pb_text][et_pb_df_gravityform_injector id=&#8221;16&#8243; title=&#8221;off&#8221; description=&#8221;off&#8221; fb_text_orientation=&#8221;left&#8221; fb_background_color=&#8221;#FF5335&#8243; fb_background_color_hover=&#8221;#FF5335&#8243; fb_text_color_hover=&#8221;#FFFFFF&#8221; input_padding=&#8221;1px|16|16|16|false|false&#8221; input_background_color=&#8221;#FFFFFF&#8221; input_border_width=&#8221;2&#8243; _builder_version=&#8221;4.16.0&#8243; _module_preset=&#8221;default&#8221; label_font=&#8221;Montserrat|600|||||||&#8221; input_font=&#8221;||||||||&#8221; form_button_text_color=&#8221;#FFFFFF&#8221; custom_padding=&#8221;0px|0px|0px|0px|false|false&#8221; saved_tabs=&#8221;all&#8221; global_colors_info=&#8221;{}&#8221;][\/et_pb_df_gravityform_injector][\/et_pb_column][\/et_pb_row][\/et_pb_section][et_pb_section fb_built=&#8221;1&#8243; prev_background_color=&#8221;#ffffff&#8221; admin_label=&#8221;Footer Section&#8221; _builder_version=&#8221;4.16&#8243; background_color=&#8221;#FF5335&#8243; custom_padding=&#8221;91px||120px||false|false&#8221; top_divider_style=&#8221;wave2&#8243; top_divider_height=&#8221;40px&#8221; top_divider_repeat=&#8221;0.5x&#8221; bottom_divider_style=&#8221;clouds2&#8243; bottom_divider_color=&#8221;rgba(255,255,255,0.08)&#8221; bottom_divider_height=&#8221;600px&#8221; bottom_divider_flip=&#8221;vertical&#8221; global_colors_info=&#8221;{}&#8221;][et_pb_row admin_label=&#8221;Vsebinsko obmo\u010dje&#8221; _builder_version=&#8221;4.16&#8243; global_colors_info=&#8221;{}&#8221;][et_pb_column type=&#8221;4_4&#8243; _builder_version=&#8221;4.16&#8243; custom_padding=&#8221;|||&#8221; global_colors_info=&#8221;{}&#8221; custom_padding__hover=&#8221;|||&#8221;][et_pb_image src=&#8221;https:\/\/poliklinikapantovcak.com\/wp-content\/uploads\/2021\/06\/health-icon-10-2.png&#8221; align=&#8221;center&#8221; align_tablet=&#8221;center&#8221; align_phone=&#8221;&#8221; align_last_edited=&#8221;on|desktop&#8221; _builder_version=&#8221;4.16&#8243; global_colors_info=&#8221;{}&#8221;][\/et_pb_image][et_pb_text _builder_version=&#8221;4.16&#8243; text_font=&#8221;Montserrat||||||||&#8221; header_font=&#8221;||||||||&#8221; header_2_font=&#8221;Montserrat|300|||||||&#8221; header_2_text_align=&#8221;center&#8221; header_2_font_size=&#8221;50px&#8221; header_2_line_height=&#8221;1.4em&#8221; text_orientation=&#8221;center&#8221; background_layout=&#8221;dark&#8221; header_2_font_size_tablet=&#8221;&#8221; header_2_font_size_phone=&#8221;30px&#8221; header_2_font_size_last_edited=&#8221;on|phone&#8221; header_2_line_height_tablet=&#8221;1.4em&#8221; header_2_line_height_phone=&#8221;&#8221; header_2_line_height_last_edited=&#8221;on|desktop&#8221; global_colors_info=&#8221;{}&#8221;]<\/p>\n<h2>Pridite na brezpla\u010dno kodo za posvetovanje<\/h2>\n<h2>Dr. Markovine<\/h2>\n<p>[\/et_pb_text][\/et_pb_column][\/et_pb_row][et_pb_row admin_label=&#8221;Obmo\u010dje gumbov&#8221; _builder_version=&#8221;4.16&#8243; global_colors_info=&#8221;{}&#8221;][et_pb_column type=&#8221;4_4&#8243; _builder_version=&#8221;4.16&#8243; custom_padding=&#8221;|||&#8221; global_colors_info=&#8221;{}&#8221; custom_padding__hover=&#8221;|||&#8221;][et_pb_button button_url=&#8221;https:\/\/poliklinikapantovcak.com\/sl\/posveti\/&#8221; button_text=&#8221;NARO\u010cI&#8221; button_alignment=&#8221;center&#8221; _builder_version=&#8221;4.16.0&#8243; custom_button=&#8221;on&#8221; button_text_size=&#8221;14px&#8221; button_text_color=&#8221;#FFFFFF&#8221; button_bg_color=&#8221;#828282&#8243; button_border_width=&#8221;14px&#8221; button_border_color=&#8221;#828282&#8243; button_border_radius=&#8221;37px&#8221; button_font=&#8221;Montserrat|500|||||||&#8221; background_layout=&#8221;dark&#8221; custom_margin=&#8221;|||&#8221; custom_padding=&#8221;|||&#8221; locked=&#8221;off&#8221; global_colors_info=&#8221;{}&#8221; button_text_size__hover_enabled=&#8221;off&#8221; button_one_text_size__hover_enabled=&#8221;off&#8221; button_two_text_size__hover_enabled=&#8221;off&#8221; button_text_color__hover_enabled=&#8221;off&#8221; button_one_text_color__hover_enabled=&#8221;off&#8221; button_two_text_color__hover_enabled=&#8221;off&#8221; button_border_width__hover_enabled=&#8221;off&#8221; button_one_border_width__hover_enabled=&#8221;off&#8221; button_two_border_width__hover_enabled=&#8221;off&#8221; button_border_color__hover_enabled=&#8221;off&#8221; button_one_border_color__hover_enabled=&#8221;off&#8221; button_two_border_color__hover_enabled=&#8221;off&#8221; button_border_radius__hover_enabled=&#8221;off&#8221; button_one_border_radius__hover_enabled=&#8221;off&#8221; button_two_border_radius__hover_enabled=&#8221;off&#8221; button_letter_spacing__hover_enabled=&#8221;off&#8221; button_one_letter_spacing__hover_enabled=&#8221;off&#8221; button_two_letter_spacing__hover_enabled=&#8221;off&#8221; button_bg_color__hover_enabled=&#8221;off&#8221; button_one_bg_color__hover_enabled=&#8221;off&#8221; button_two_bg_color__hover_enabled=&#8221;off&#8221;][\/et_pb_button][\/et_pb_column][\/et_pb_row][\/et_pb_section]<\/p>\n","protected":false},"excerpt":{"rendered":"<p>Vistabel antiperspirantna terapija Potenje je naraven proces, ko se iz telesa izlo\u010dajo \u0161kodljive snovi in se uravnava telesna temperatura. Potenje je pomembno za zdravje. Ko pride do prekomernega potenja, povzro\u010da nelagodje. Pojav \u010dezmernega znojenja ni povezan z visokimi temperaturami ali intenzivno telesno dejavnostjo, temve\u010d je estetski in zdravstveni problem. Kaj je Vistabel? Vistabel je vrsta [&hellip;]<\/p>\n","protected":false},"author":2,"featured_media":0,"parent":0,"menu_order":0,"comment_status":"closed","ping_status":"closed","template":"","meta":{"_et_pb_use_builder":"on","_et_pb_old_content":"","_et_gb_content_width":"","footnotes":""},"class_list":["post-1654","page","type-page","status-publish","hentry"],"yoast_head":"<!-- This site is optimized with the Yoast SEO plugin v23.8 - https:\/\/yoast.com\/wordpress\/plugins\/seo\/ -->\n<title>Vistabel antiperspirantna terapija - My Blog<\/title>\n<meta name=\"robots\" content=\"index, follow, max-snippet:-1, max-image-preview:large, max-video-preview:-1\" \/>\n<link rel=\"canonical\" href=\"https:\/\/poliklinikapantovcak.com\/sl\/vistabel-antiperspirantna-terapija\/\" \/>\n<meta property=\"og:locale\" content=\"sl_SI\" \/>\n<meta property=\"og:type\" content=\"article\" \/>\n<meta property=\"og:title\" content=\"Vistabel antiperspirantna terapija - My Blog\" \/>\n<meta property=\"og:description\" content=\"Vistabel antiperspirantna terapija Potenje je naraven proces, ko se iz telesa izlo\u010dajo \u0161kodljive snovi in se uravnava telesna temperatura. Potenje je pomembno za zdravje. Ko pride do prekomernega potenja, povzro\u010da nelagodje. Pojav \u010dezmernega znojenja ni povezan z visokimi temperaturami ali intenzivno telesno dejavnostjo, temve\u010d je estetski in zdravstveni problem. Kaj je Vistabel? Vistabel je vrsta [&hellip;]\" \/>\n<meta property=\"og:url\" content=\"https:\/\/poliklinikapantovcak.com\/sl\/vistabel-antiperspirantna-terapija\/\" \/>\n<meta property=\"og:site_name\" content=\"My Blog\" \/>\n<meta property=\"article:modified_time\" content=\"2022-04-24T12:16:44+00:00\" \/>\n<meta name=\"twitter:card\" content=\"summary_large_image\" \/>\n<meta name=\"twitter:label1\" content=\"Est. reading time\" \/>\n\t<meta name=\"twitter:data1\" content=\"9 minut\" \/>\n<script type=\"application\/ld+json\" class=\"yoast-schema-graph\">{\"@context\":\"https:\/\/schema.org\",\"@graph\":[{\"@type\":\"WebPage\",\"@id\":\"https:\/\/poliklinikapantovcak.com\/sl\/vistabel-antiperspirantna-terapija\/\",\"url\":\"https:\/\/poliklinikapantovcak.com\/sl\/vistabel-antiperspirantna-terapija\/\",\"name\":\"Vistabel antiperspirantna terapija - My Blog\",\"isPartOf\":{\"@id\":\"https:\/\/poliklinikapantovcak.com\/sl\/#website\"},\"datePublished\":\"2021-06-10T16:41:11+00:00\",\"dateModified\":\"2022-04-24T12:16:44+00:00\",\"breadcrumb\":{\"@id\":\"https:\/\/poliklinikapantovcak.com\/sl\/vistabel-antiperspirantna-terapija\/#breadcrumb\"},\"inLanguage\":\"sl-SI\",\"potentialAction\":[{\"@type\":\"ReadAction\",\"target\":[\"https:\/\/poliklinikapantovcak.com\/sl\/vistabel-antiperspirantna-terapija\/\"]}]},{\"@type\":\"BreadcrumbList\",\"@id\":\"https:\/\/poliklinikapantovcak.com\/sl\/vistabel-antiperspirantna-terapija\/#breadcrumb\",\"itemListElement\":[{\"@type\":\"ListItem\",\"position\":1,\"name\":\"Po\u010detna stranica\",\"item\":\"https:\/\/poliklinikapantovcak.com\/sl\/\"},{\"@type\":\"ListItem\",\"position\":2,\"name\":\"Vistabel antiperspirantna terapija\"}]},{\"@type\":\"WebSite\",\"@id\":\"https:\/\/poliklinikapantovcak.com\/sl\/#website\",\"url\":\"https:\/\/poliklinikapantovcak.com\/sl\/\",\"name\":\"My Blog\",\"description\":\"My WordPress Blog\",\"potentialAction\":[{\"@type\":\"SearchAction\",\"target\":{\"@type\":\"EntryPoint\",\"urlTemplate\":\"https:\/\/poliklinikapantovcak.com\/sl\/?s={search_term_string}\"},\"query-input\":{\"@type\":\"PropertyValueSpecification\",\"valueRequired\":true,\"valueName\":\"search_term_string\"}}],\"inLanguage\":\"sl-SI\"}]}<\/script>\n<!-- \/ Yoast SEO plugin. -->","yoast_head_json":{"title":"Vistabel antiperspirantna terapija - My Blog","robots":{"index":"index","follow":"follow","max-snippet":"max-snippet:-1","max-image-preview":"max-image-preview:large","max-video-preview":"max-video-preview:-1"},"canonical":"https:\/\/poliklinikapantovcak.com\/sl\/vistabel-antiperspirantna-terapija\/","og_locale":"sl_SI","og_type":"article","og_title":"Vistabel antiperspirantna terapija - My Blog","og_description":"Vistabel antiperspirantna terapija Potenje je naraven proces, ko se iz telesa izlo\u010dajo \u0161kodljive snovi in se uravnava telesna temperatura. Potenje je pomembno za zdravje. Ko pride do prekomernega potenja, povzro\u010da nelagodje. Pojav \u010dezmernega znojenja ni povezan z visokimi temperaturami ali intenzivno telesno dejavnostjo, temve\u010d je estetski in zdravstveni problem. Kaj je Vistabel? Vistabel je vrsta [&hellip;]","og_url":"https:\/\/poliklinikapantovcak.com\/sl\/vistabel-antiperspirantna-terapija\/","og_site_name":"My Blog","article_modified_time":"2022-04-24T12:16:44+00:00","twitter_card":"summary_large_image","twitter_misc":{"Est. reading time":"9 minut"},"schema":{"@context":"https:\/\/schema.org","@graph":[{"@type":"WebPage","@id":"https:\/\/poliklinikapantovcak.com\/sl\/vistabel-antiperspirantna-terapija\/","url":"https:\/\/poliklinikapantovcak.com\/sl\/vistabel-antiperspirantna-terapija\/","name":"Vistabel antiperspirantna terapija - My Blog","isPartOf":{"@id":"https:\/\/poliklinikapantovcak.com\/sl\/#website"},"datePublished":"2021-06-10T16:41:11+00:00","dateModified":"2022-04-24T12:16:44+00:00","breadcrumb":{"@id":"https:\/\/poliklinikapantovcak.com\/sl\/vistabel-antiperspirantna-terapija\/#breadcrumb"},"inLanguage":"sl-SI","potentialAction":[{"@type":"ReadAction","target":["https:\/\/poliklinikapantovcak.com\/sl\/vistabel-antiperspirantna-terapija\/"]}]},{"@type":"BreadcrumbList","@id":"https:\/\/poliklinikapantovcak.com\/sl\/vistabel-antiperspirantna-terapija\/#breadcrumb","itemListElement":[{"@type":"ListItem","position":1,"name":"Po\u010detna stranica","item":"https:\/\/poliklinikapantovcak.com\/sl\/"},{"@type":"ListItem","position":2,"name":"Vistabel antiperspirantna terapija"}]},{"@type":"WebSite","@id":"https:\/\/poliklinikapantovcak.com\/sl\/#website","url":"https:\/\/poliklinikapantovcak.com\/sl\/","name":"My Blog","description":"My WordPress Blog","potentialAction":[{"@type":"SearchAction","target":{"@type":"EntryPoint","urlTemplate":"https:\/\/poliklinikapantovcak.com\/sl\/?s={search_term_string}"},"query-input":{"@type":"PropertyValueSpecification","valueRequired":true,"valueName":"search_term_string"}}],"inLanguage":"sl-SI"}]}},"_links":{"self":[{"href":"https:\/\/poliklinikapantovcak.com\/sl\/wp-json\/wp\/v2\/pages\/1654"}],"collection":[{"href":"https:\/\/poliklinikapantovcak.com\/sl\/wp-json\/wp\/v2\/pages"}],"about":[{"href":"https:\/\/poliklinikapantovcak.com\/sl\/wp-json\/wp\/v2\/types\/page"}],"author":[{"embeddable":true,"href":"https:\/\/poliklinikapantovcak.com\/sl\/wp-json\/wp\/v2\/users\/2"}],"replies":[{"embeddable":true,"href":"https:\/\/poliklinikapantovcak.com\/sl\/wp-json\/wp\/v2\/comments?post=1654"}],"version-history":[{"count":4,"href":"https:\/\/poliklinikapantovcak.com\/sl\/wp-json\/wp\/v2\/pages\/1654\/revisions"}],"predecessor-version":[{"id":1859,"href":"https:\/\/poliklinikapantovcak.com\/sl\/wp-json\/wp\/v2\/pages\/1654\/revisions\/1859"}],"wp:attachment":[{"href":"https:\/\/poliklinikapantovcak.com\/sl\/wp-json\/wp\/v2\/media?parent=1654"}],"curies":[{"name":"wp","href":"https:\/\/api.w.org\/{rel}","templated":true}]}}