{"id":1480,"date":"2021-06-10T16:41:11","date_gmt":"2021-06-10T16:41:11","guid":{"rendered":"https:\/\/poliklinikapantovcak.com\/trattamento-vistabel-contro-la-sudorazione-eccessiva\/"},"modified":"2022-04-24T12:00:38","modified_gmt":"2022-04-24T12:00:38","slug":"trattamento-vistabel-contro-la-sudorazione-eccessiva","status":"publish","type":"page","link":"https:\/\/poliklinikapantovcak.com\/it\/trattamento-vistabel-contro-la-sudorazione-eccessiva\/","title":{"rendered":"Trattamento Vistabel contro la sudorazione eccessiva"},"content":{"rendered":"<p>[et_pb_section fb_built=&#8221;1&#8243; admin_label=&#8221;Hero&#8221; _builder_version=&#8221;4.16&#8243; custom_margin=&#8221;||-45px|||&#8221; custom_padding=&#8221;0|0px|54px|0px|false|false&#8221; bottom_divider_height=&#8221;0px&#8221; border_width_bottom=&#8221;1px&#8221; border_color_bottom=&#8221;#efefef&#8221; global_colors_info=&#8221;{}&#8221;][et_pb_row column_structure=&#8221;1_2,1_2&#8243; _builder_version=&#8221;4.16&#8243; width=&#8221;100%&#8221; max_width=&#8221;100%&#8221; custom_margin=&#8221;|||&#8221; custom_margin_tablet=&#8221;||0px|&#8221; custom_margin_phone=&#8221;&#8221; custom_margin_last_edited=&#8221;on|desktop&#8221; custom_padding=&#8221;0|0px|0px|0px|false|false&#8221; use_custom_width=&#8221;on&#8221; width_unit=&#8221;off&#8221; custom_width_percent=&#8221;100%&#8221; global_colors_info=&#8221;{}&#8221;][et_pb_column type=&#8221;1_2&#8243; _builder_version=&#8221;4.16&#8243; custom_padding=&#8221;6%||6%|12%&#8221; custom_padding_tablet=&#8221;50px|50px|50px|50px&#8221; custom_padding_phone=&#8221;&#8221; custom_padding_last_edited=&#8221;on|tablet&#8221; global_colors_info=&#8221;{}&#8221; padding_tablet=&#8221;50px|50px|50px|50px&#8221; padding_last_edited=&#8221;on|tablet&#8221; custom_padding__hover=&#8221;|||&#8221; padding_phone=&#8221;50px|50px|50px|50px&#8221;][et_pb_text _builder_version=&#8221;4.16&#8243; text_font=&#8221;Montserrat|300|||||||&#8221; text_text_color=&#8221;#677a92&#8243; text_font_size=&#8221;16px&#8221; text_line_height=&#8221;1.8em&#8221; header_font=&#8221;Montserrat||||||||&#8221; header_font_size=&#8221;50px&#8221; header_line_height=&#8221;1.3em&#8221; header_2_font=&#8221;||||||||&#8221; max_width=&#8221;600px&#8221; custom_margin=&#8221;|||&#8221; custom_margin_tablet=&#8221;0px|50px||50px&#8221; custom_margin_phone=&#8221;|20px||&#8221; custom_margin_last_edited=&#8221;off|desktop&#8221; custom_padding=&#8221;|||&#8221; text_line_height_tablet=&#8221;1.8em&#8221; text_line_height_phone=&#8221;1.8em&#8221; text_line_height_last_edited=&#8221;on|phone&#8221; header_font_size_tablet=&#8221;&#8221; header_font_size_phone=&#8221;36px&#8221; header_font_size_last_edited=&#8221;on|phone&#8221; header_2_font_size_phone=&#8221;30px&#8221; header_2_font_size_last_edited=&#8221;off|desktop&#8221; locked=&#8221;off&#8221; global_colors_info=&#8221;{}&#8221;]<\/p>\n<h1>Trattamento Vistabel contro la sudorazione eccessiva <\/h1>\n<p>[\/et_pb_text][et_pb_text _builder_version=&#8221;4.16&#8243; text_font=&#8221;Montserrat|300|||||||&#8221; text_font_size=&#8221;16px&#8221; text_line_height=&#8221;2em&#8221; link_font=&#8221;||||||||&#8221; ul_font=&#8221;||||||||&#8221; ol_font=&#8221;||||||||&#8221; quote_font=&#8221;||||||||&#8221; header_font=&#8221;||||||||&#8221; header_2_font=&#8221;Montserrat|300|||||||&#8221; header_2_text_color=&#8221;#212d3b&#8221; header_2_font_size=&#8221;40px&#8221; header_2_line_height=&#8221;1.5em&#8221; max_width=&#8221;600px&#8221; custom_margin=&#8221;|||&#8221; custom_margin_tablet=&#8221;0px|50px||50px&#8221; custom_margin_last_edited=&#8221;off|desktop&#8221; custom_padding=&#8221;|||&#8221; locked=&#8221;off&#8221; global_colors_info=&#8221;{}&#8221;]<\/p>\n<p><span style=\"font-weight: 400;\">La sudorazione \u00e8 un processo naturale importante per la salute dell&#8217;individuo perch\u00e9 partecipa alla regolazione della temperatura corporea e all&#8217;escrezione di sostanze nocive dall&#8217;organismo. Quando \u00e8 eccessivo <strong>provoca disagio<\/strong>. L&#8217;eccessiva sudorazione non \u00e8 associata alle alte temperature o all&#8217;attivit\u00e0 fisica ma \u00e8 un problema estetico e di salute. <\/span><\/p>\n<p>[\/et_pb_text][et_pb_button button_url=&#8221;https:\/\/poliklinikapantovcak.com\/it\/chi-siamo\/dott-drzislav-markovina\/&#8221; button_text=&#8221;CHIEDERE AL DOTTORE&#8221; button_alignment=&#8221;left&#8221; _builder_version=&#8221;4.16&#8243; custom_button=&#8221;on&#8221; button_text_size=&#8221;14px&#8221; button_text_color=&#8221;#FFFFFF&#8221; button_bg_color=&#8221;#FF5335&#8243; button_border_width=&#8221;16px&#8221; button_border_color=&#8221;#FF5335&#8243; button_border_radius=&#8221;100px&#8221; button_letter_spacing=&#8221;1px&#8221; button_font=&#8221;Montserrat|500|||||||&#8221; background_layout=&#8221;dark&#8221; custom_margin=&#8221;|||&#8221; custom_padding=&#8221;|||&#8221; locked=&#8221;off&#8221; global_colors_info=&#8221;{}&#8221; button_text_size__hover_enabled=&#8221;off&#8221; button_one_text_size__hover_enabled=&#8221;off&#8221; button_two_text_size__hover_enabled=&#8221;off&#8221; button_text_color__hover_enabled=&#8221;off&#8221; button_one_text_color__hover_enabled=&#8221;off&#8221; button_two_text_color__hover_enabled=&#8221;off&#8221; button_border_width__hover_enabled=&#8221;off&#8221; button_one_border_width__hover_enabled=&#8221;off&#8221; button_two_border_width__hover_enabled=&#8221;off&#8221; button_border_color__hover_enabled=&#8221;off&#8221; button_one_border_color__hover_enabled=&#8221;off&#8221; button_two_border_color__hover_enabled=&#8221;off&#8221; button_border_radius__hover_enabled=&#8221;off&#8221; button_one_border_radius__hover_enabled=&#8221;off&#8221; button_two_border_radius__hover_enabled=&#8221;off&#8221; button_letter_spacing__hover_enabled=&#8221;off&#8221; button_one_letter_spacing__hover_enabled=&#8221;off&#8221; button_two_letter_spacing__hover_enabled=&#8221;off&#8221; button_bg_color__hover_enabled=&#8221;off&#8221; button_one_bg_color__hover_enabled=&#8221;off&#8221; button_two_bg_color__hover_enabled=&#8221;off&#8221;][\/et_pb_button][\/et_pb_column][et_pb_column type=&#8221;1_2&#8243; _builder_version=&#8221;4.16&#8243; custom_padding=&#8221;|||&#8221; global_colors_info=&#8221;{}&#8221; custom_padding__hover=&#8221;|||&#8221;][et_pb_image src=&#8221;https:\/\/poliklinikapantovcak.com\/wp-content\/uploads\/2021\/12\/tretman-protiv-znojenja-vistabel-scaled.jpg&#8221; alt=&#8221;Il Dr. Markovina esegue il trapianto di capelli con il metodo fue&#8221; title_text=&#8221;trattamento antitraspirante&#8221; force_fullwidth=&#8221;on&#8221; align_tablet=&#8221;center&#8221; align_phone=&#8221;&#8221; align_last_edited=&#8221;on|desktop&#8221; _builder_version=&#8221;4.16&#8243; min_height=&#8221;679px&#8221; custom_margin=&#8221;|||&#8221; custom_padding=&#8221;||89px|||&#8221; animation_style=&#8221;slide&#8221; animation_direction=&#8221;right&#8221; animation_intensity_slide=&#8221;5%&#8221; border_radii=&#8221;||||30vw&#8221; border_color_all=&#8221;#FF5335&#8243; border_width_left=&#8221;2vw&#8221; box_shadow_style=&#8221;preset4&#8243; box_shadow_horizontal=&#8221;-30px&#8221; box_shadow_vertical=&#8221;0px&#8221; box_shadow_color=&#8221;#FF5335&#8243; global_colors_info=&#8221;{}&#8221;][\/et_pb_image][\/et_pb_column][\/et_pb_row][\/et_pb_section][et_pb_section fb_built=&#8221;1&#8243; _builder_version=&#8221;4.16&#8243; custom_margin=&#8221;-26px|||||&#8221; custom_padding=&#8221;4px|0px|0px|0px|false|false&#8221; locked=&#8221;off&#8221; global_colors_info=&#8221;{}&#8221;][et_pb_row column_structure=&#8221;2_3,1_3&#8243; _builder_version=&#8221;4.16&#8243; global_colors_info=&#8221;{}&#8221;][et_pb_column type=&#8221;2_3&#8243; _builder_version=&#8221;4.16&#8243; custom_padding=&#8221;|||&#8221; global_colors_info=&#8221;{}&#8221; custom_padding__hover=&#8221;|||&#8221;][et_pb_text _builder_version=&#8221;4.16&#8243; _module_preset=&#8221;default&#8221; text_font=&#8221;Montserrat|300|||||||&#8221; text_font_size=&#8221;16px&#8221; text_line_height=&#8221;2em&#8221; global_colors_info=&#8221;{}&#8221;]<\/p>\n<h2><b>Cos&#8217;\u00e8 Vistabel?<\/b><\/h2>\n<p><span style=\"font-weight: 400;\">Vistabel \u00e8 un tipo di Botox che viene utilizzato per ridurre le rughe. \u00c8 prodotto dalla societ\u00e0 Allergan utilizzando il batterio Clostridium Botulinum. \u00c8 una proteina altamente purificata che \u00e8 stata utilizzata nella medicina classica prima del suo utilizzo nel ringiovanimento. Le branche della medicina che lo hanno utilizzato per i suoi effetti benefici sono l&#8217;oftalmologia, la neurologia, l&#8217;ORL, la ginecologia e la pediatria.<\/span><\/p>\n<p><span style=\"font-weight: 400;\">Negli ultimi 20 anni \u00e8 diventato un caposaldo delle procedure estetiche. Oltre al ringiovanimento, \u00e8 stato utilizzato con successo nel trattamento della sudorazione eccessiva. <\/span><\/p>\n<h2><b>Quando viene utilizzato Vistabel per trattare la sudorazione eccessiva?<\/b><\/h2>\n<p><span style=\"font-weight: 400;\">Vistabel viene utilizzato nei casi in cui l&#8217;eccessiva sudorazione rappresenta una difficolt\u00e0 nelle attivit\u00e0 quotidiane, ricreative, sportive o provoca traumi psicologici. <\/span><\/p>\n<h2><b>A chi \u00e8 adatto il trattamento Vistabel contro la sudorazione eccessiva?<\/b><\/h2>\n<p><span style=\"font-weight: 400;\">I maschi e le femmine adulti con sudorazione eccessiva sono potenziali candidati per il trattamento con Vistabel.<\/span><\/p>\n<h2><b>Come procede il trattamento con Vistabel?<\/b><\/h2>\n<p><span style=\"font-weight: 400;\">Vistabel \u00e8 un&#8217;opzione di trattamento efficace per la sudorazione eccessiva. Blocca la segnalazione nervosa che colpisce le ghiandole sudoripare. <\/span><\/p>\n<p><span style=\"font-weight: 400;\">La procedura durante la quale viene applicato Vistabel ha una durata di circa 1 ora. Prima dell&#8217;applicazione viene applicata la crema anestetica per ridurre il dolore durante la procedura. Vistabel viene applicato con un minuscolo ago da pi\u00f9 lati per garantire un trattamento uguale dell&#8217;intera area interessata. Non ci sono procedure specifiche necessarie nei tempi di recupero, l&#8217;unico fattore importante \u00e8 rimanere in piedi per alcune ore dopodich\u00e9 l&#8217;individuo pu\u00f2 tornare alle normali attivit\u00e0 quotidiane. <\/span><\/p>\n<p><span style=\"font-weight: 400;\">L&#8217;effetto dura in media circa 6 mesi dopodich\u00e9 \u00e8 necessario ripetere la procedura.<\/span><\/p>\n<h2><b>Quali sono gli effetti collaterali? Ci sono dei rischi?<\/b><\/h2>\n<p><span style=\"font-weight: 400;\">Quando si applica Vistabel per la sudorazione eccessiva, il vantaggio \u00e8 che non ci sono effetti collaterali significativi e la procedura stessa \u00e8 una soluzione ideale per la sudorazione eccessiva. <\/span><\/p>\n<p><span style=\"font-weight: 400;\">A volte il trattamento deve essere ripetuto nei casi in cui il paziente ha un numero maggiore di ghiandole sudoripare. <\/span><\/p>\n<h2><b>Quanto dura l&#8217;effetto del trattamento Vistabel in caso di sudorazione eccessiva?<\/b><\/h2>\n<p><span style=\"font-weight: 400;\">Il trattamento contro la sudorazione eccessiva con Vistabel di solito dura fino a 6 mesi, a volte anche pi\u00f9 a lungo, il che significa che il trattamento deve essere ripetuto fino a due volte all&#8217;anno per ridurre la sudorazione eccessiva. <\/span><\/p>\n<h2><b>Prezzo del trattamento Vistabel contro la sudorazione eccessiva<\/b><\/h2>\n<p><span style=\"font-weight: 400;\">Il prezzo del trattamento Vistabel contro la sudorazione eccessiva dipende dalla quantit\u00e0 di Botox necessaria per il trattamento. \u00c8 possibile ottenere informazioni pi\u00f9 dettagliate sui prezzi per telefono (01\/123 456) o per e-mail info@poliklinikapantovcak.com. Ci sono opzioni di pagamento flessibili per i nostri pazienti. Ci sono opzioni di pagamento flessibili per i nostri pazienti.<\/span><\/p>\n<p>[\/et_pb_text][et_pb_text _builder_version=&#8221;4.16&#8243; _module_preset=&#8221;default&#8221; text_font=&#8221;Montserrat|300|||||||&#8221; text_font_size=&#8221;16px&#8221; text_line_height=&#8221;2em&#8221; header_2_font=&#8221;Montserrat|300|||||||&#8221; header_2_line_height=&#8221;1.5em&#8221; global_colors_info=&#8221;{}&#8221;]<strong>Autore:<\/strong> Dott. Dr\u017eislav Markovina<br \/>\n[\/et_pb_text][\/et_pb_column][et_pb_column type=&#8221;1_3&#8243; _builder_version=&#8221;4.16&#8243; custom_padding=&#8221;|||&#8221; global_colors_info=&#8221;{}&#8221; custom_padding__hover=&#8221;|||&#8221;][et_pb_text _builder_version=&#8221;4.16.0&#8243; text_font=&#8221;Montserrat||||||||&#8221; text_font_size=&#8221;16px&#8221; text_line_height=&#8221;1.8em&#8221; link_font=&#8221;||||||||solid&#8221; link_text_color=&#8221;#2f8cff&#8221; ul_font=&#8221;||||||||&#8221; ul_line_height=&#8221;2em&#8221; header_font=&#8221;||||||||&#8221; header_2_font=&#8221;||||||||&#8221; header_3_font=&#8221;Montserrat|300|||||||&#8221; header_3_font_size=&#8221;24px&#8221; header_3_line_height=&#8221;1.5em&#8221; max_width=&#8221;600px&#8221; custom_margin=&#8221;|||&#8221; custom_margin_tablet=&#8221;0px|50px||50px&#8221; custom_margin_last_edited=&#8221;off|desktop&#8221; custom_padding=&#8221;|||&#8221; header_2_font_size_phone=&#8221;30px&#8221; header_2_font_size_last_edited=&#8221;off|desktop&#8221; saved_tabs=&#8221;all&#8221; locked=&#8221;off&#8221; global_colors_info=&#8221;{}&#8221; global_module=&#8221;1848&#8243; theme_builder_area=&#8221;post_content&#8221;]<\/p>\n<h3><strong>LINK UTILI<\/strong><\/h3>\n<ul>\n<li><a href=\"https:\/\/poliklinikapantovcak.com\/it\/trattamento-vistabel\/\">Trattamento delle rughe del viso<\/a><\/li>\n<li><a href=\"https:\/\/poliklinikapantovcak.com\/it\/trattamento-vistabel-contro-la-sudorazione-eccessiva\/\">Trattamento Vistabel contro la sudorazione eccessiva <\/a><\/li>\n<li><a href=\"https:\/\/poliklinikapantovcak.com\/it\/aumento-delle-labbra\/\">Aumento delle labbra<\/a><\/li>\n<li><a href=\"https:\/\/poliklinikapantovcak.com\/it\/filler-dermici-di-acido-ialuronico\/\">Filler dermici di acido ialuronico<\/a><\/li>\n<\/ul>\n<p>[\/et_pb_text][et_pb_text _builder_version=&#8221;4.16&#8243; _module_preset=&#8221;default&#8221; global_colors_info=&#8221;{}&#8221;]<\/p>\n<h3><strong>Ordina un esame<\/strong><\/h3>\n<p>[\/et_pb_text][et_pb_df_gravityform_injector id=&#8221;13&#8243; title=&#8221;off&#8221; description=&#8221;off&#8221; fb_text_orientation=&#8221;left&#8221; fb_background_color=&#8221;#FF5335&#8243; fb_background_color_hover=&#8221;#FF5335&#8243; fb_text_color_hover=&#8221;#FFFFFF&#8221; input_padding=&#8221;1px|16|16|16|false|false&#8221; input_background_color=&#8221;#FFFFFF&#8221; input_border_width=&#8221;2&#8243; _builder_version=&#8221;4.16.0&#8243; _module_preset=&#8221;default&#8221; label_font=&#8221;Montserrat|600|||||||&#8221; input_font=&#8221;||||||||&#8221; form_button_text_color=&#8221;#FFFFFF&#8221; custom_padding=&#8221;0px|0px|0px|0px|false|false&#8221; hover_enabled=&#8221;0&#8243; saved_tabs=&#8221;all&#8221; global_colors_info=&#8221;{}&#8221; sticky_enabled=&#8221;0&#8243;][\/et_pb_df_gravityform_injector][\/et_pb_column][\/et_pb_row][\/et_pb_section][et_pb_section fb_built=&#8221;1&#8243; prev_background_color=&#8221;#ffffff&#8221; admin_label=&#8221;Footer Section&#8221; _builder_version=&#8221;4.16&#8243; background_color=&#8221;#FF5335&#8243; custom_padding=&#8221;91px||120px||false|false&#8221; top_divider_style=&#8221;wave2&#8243; top_divider_height=&#8221;40px&#8221; top_divider_repeat=&#8221;0.5x&#8221; bottom_divider_style=&#8221;clouds2&#8243; bottom_divider_color=&#8221;rgba(255,255,255,0.08)&#8221; bottom_divider_height=&#8221;600px&#8221; bottom_divider_flip=&#8221;vertical&#8221; global_colors_info=&#8221;{}&#8221;][et_pb_row admin_label=&#8221;Area del contenuto&#8221; _builder_version=&#8221;4.16&#8243; global_colors_info=&#8221;{}&#8221;][et_pb_column type=&#8221;4_4&#8243; _builder_version=&#8221;4.16&#8243; custom_padding=&#8221;|||&#8221; global_colors_info=&#8221;{}&#8221; custom_padding__hover=&#8221;|||&#8221;][et_pb_image src=&#8221;https:\/\/poliklinikapantovcak.com\/wp-content\/uploads\/2021\/06\/health-icon-10-2.png&#8221; align=&#8221;center&#8221; align_tablet=&#8221;center&#8221; align_phone=&#8221;&#8221; align_last_edited=&#8221;on|desktop&#8221; _builder_version=&#8221;4.16&#8243; global_colors_info=&#8221;{}&#8221;][\/et_pb_image][et_pb_text _builder_version=&#8221;4.16&#8243; text_font=&#8221;Montserrat||||||||&#8221; header_font=&#8221;||||||||&#8221; header_2_font=&#8221;Montserrat|300|||||||&#8221; header_2_text_align=&#8221;center&#8221; header_2_font_size=&#8221;50px&#8221; header_2_line_height=&#8221;1.4em&#8221; text_orientation=&#8221;center&#8221; background_layout=&#8221;dark&#8221; header_2_font_size_tablet=&#8221;&#8221; header_2_font_size_phone=&#8221;30px&#8221; header_2_font_size_last_edited=&#8221;on|phone&#8221; header_2_line_height_tablet=&#8221;1.4em&#8221; header_2_line_height_phone=&#8221;&#8221; header_2_line_height_last_edited=&#8221;on|desktop&#8221; global_colors_info=&#8221;{}&#8221;]<\/p>\n<h2>Vieni a trovarci per una consulenza gratuita con la<\/h2>\n<h2>Dott.ssa Markovina.<\/h2>\n<p>[\/et_pb_text][\/et_pb_column][\/et_pb_row][et_pb_row admin_label=&#8221;Area dei pulsanti&#8221; _builder_version=&#8221;4.16&#8243; global_colors_info=&#8221;{}&#8221;][et_pb_column type=&#8221;4_4&#8243; _builder_version=&#8221;4.16&#8243; custom_padding=&#8221;|||&#8221; global_colors_info=&#8221;{}&#8221; custom_padding__hover=&#8221;|||&#8221;][et_pb_button button_url=&#8221;https:\/\/poliklinikapantovcak.com\/it\/consultazioni\/&#8221; button_text=&#8221;ORDINAZIONE&#8221; button_alignment=&#8221;center&#8221; _builder_version=&#8221;4.16&#8243; custom_button=&#8221;on&#8221; button_text_size=&#8221;14px&#8221; button_text_color=&#8221;#FFFFFF&#8221; button_bg_color=&#8221;#828282&#8243; button_border_width=&#8221;14px&#8221; button_border_color=&#8221;#828282&#8243; button_border_radius=&#8221;37px&#8221; button_font=&#8221;Montserrat|500|||||||&#8221; background_layout=&#8221;dark&#8221; custom_margin=&#8221;|||&#8221; custom_padding=&#8221;|||&#8221; locked=&#8221;off&#8221; global_colors_info=&#8221;{}&#8221; button_text_size__hover_enabled=&#8221;off&#8221; button_one_text_size__hover_enabled=&#8221;off&#8221; button_two_text_size__hover_enabled=&#8221;off&#8221; button_text_color__hover_enabled=&#8221;off&#8221; button_one_text_color__hover_enabled=&#8221;off&#8221; button_two_text_color__hover_enabled=&#8221;off&#8221; button_border_width__hover_enabled=&#8221;off&#8221; button_one_border_width__hover_enabled=&#8221;off&#8221; button_two_border_width__hover_enabled=&#8221;off&#8221; button_border_color__hover_enabled=&#8221;off&#8221; button_one_border_color__hover_enabled=&#8221;off&#8221; button_two_border_color__hover_enabled=&#8221;off&#8221; button_border_radius__hover_enabled=&#8221;off&#8221; button_one_border_radius__hover_enabled=&#8221;off&#8221; button_two_border_radius__hover_enabled=&#8221;off&#8221; button_letter_spacing__hover_enabled=&#8221;off&#8221; button_one_letter_spacing__hover_enabled=&#8221;off&#8221; button_two_letter_spacing__hover_enabled=&#8221;off&#8221; button_bg_color__hover_enabled=&#8221;off&#8221; button_one_bg_color__hover_enabled=&#8221;off&#8221; button_two_bg_color__hover_enabled=&#8221;off&#8221;][\/et_pb_button][\/et_pb_column][\/et_pb_row][\/et_pb_section]<\/p>\n","protected":false},"excerpt":{"rendered":"<p>Trattamento Vistabel contro la sudorazione eccessiva La sudorazione \u00e8 un processo naturale importante per la salute dell&#8217;individuo perch\u00e9 partecipa alla regolazione della temperatura corporea e all&#8217;escrezione di sostanze nocive dall&#8217;organismo. Quando \u00e8 eccessivo provoca disagio. L&#8217;eccessiva sudorazione non \u00e8 associata alle alte temperature o all&#8217;attivit\u00e0 fisica ma \u00e8 un problema estetico e di salute. Cos&#8217;\u00e8 [&hellip;]<\/p>\n","protected":false},"author":2,"featured_media":0,"parent":0,"menu_order":0,"comment_status":"closed","ping_status":"closed","template":"","meta":{"_et_pb_use_builder":"on","_et_pb_old_content":"","_et_gb_content_width":"","footnotes":""},"class_list":["post-1480","page","type-page","status-publish","hentry"],"yoast_head":"<!-- This site is optimized with the Yoast SEO plugin v23.8 - https:\/\/yoast.com\/wordpress\/plugins\/seo\/ -->\n<title>Trattamento Vistabel contro la sudorazione eccessiva - My Blog<\/title>\n<meta name=\"robots\" content=\"index, follow, max-snippet:-1, max-image-preview:large, max-video-preview:-1\" \/>\n<link rel=\"canonical\" href=\"https:\/\/poliklinikapantovcak.com\/it\/trattamento-vistabel-contro-la-sudorazione-eccessiva\/\" \/>\n<meta property=\"og:locale\" content=\"it_IT\" \/>\n<meta property=\"og:type\" content=\"article\" \/>\n<meta property=\"og:title\" content=\"Trattamento Vistabel contro la sudorazione eccessiva - My Blog\" \/>\n<meta property=\"og:description\" content=\"Trattamento Vistabel contro la sudorazione eccessiva La sudorazione \u00e8 un processo naturale importante per la salute dell&#039;individuo perch\u00e9 partecipa alla regolazione della temperatura corporea e all&#039;escrezione di sostanze nocive dall&#039;organismo. Quando \u00e8 eccessivo provoca disagio. L&#039;eccessiva sudorazione non \u00e8 associata alle alte temperature o all&#039;attivit\u00e0 fisica ma \u00e8 un problema estetico e di salute. Cos&#039;\u00e8 [&hellip;]\" \/>\n<meta property=\"og:url\" content=\"https:\/\/poliklinikapantovcak.com\/it\/trattamento-vistabel-contro-la-sudorazione-eccessiva\/\" \/>\n<meta property=\"og:site_name\" content=\"My Blog\" \/>\n<meta property=\"article:modified_time\" content=\"2022-04-24T12:00:38+00:00\" \/>\n<meta name=\"twitter:card\" content=\"summary_large_image\" \/>\n<meta name=\"twitter:label1\" content=\"Tempo di lettura stimato\" \/>\n\t<meta name=\"twitter:data1\" content=\"9 minuti\" \/>\n<script type=\"application\/ld+json\" class=\"yoast-schema-graph\">{\"@context\":\"https:\/\/schema.org\",\"@graph\":[{\"@type\":\"WebPage\",\"@id\":\"https:\/\/poliklinikapantovcak.com\/it\/trattamento-vistabel-contro-la-sudorazione-eccessiva\/\",\"url\":\"https:\/\/poliklinikapantovcak.com\/it\/trattamento-vistabel-contro-la-sudorazione-eccessiva\/\",\"name\":\"Trattamento Vistabel contro la sudorazione eccessiva - My Blog\",\"isPartOf\":{\"@id\":\"https:\/\/poliklinikapantovcak.com\/it\/#website\"},\"datePublished\":\"2021-06-10T16:41:11+00:00\",\"dateModified\":\"2022-04-24T12:00:38+00:00\",\"breadcrumb\":{\"@id\":\"https:\/\/poliklinikapantovcak.com\/it\/trattamento-vistabel-contro-la-sudorazione-eccessiva\/#breadcrumb\"},\"inLanguage\":\"it-IT\",\"potentialAction\":[{\"@type\":\"ReadAction\",\"target\":[\"https:\/\/poliklinikapantovcak.com\/it\/trattamento-vistabel-contro-la-sudorazione-eccessiva\/\"]}]},{\"@type\":\"BreadcrumbList\",\"@id\":\"https:\/\/poliklinikapantovcak.com\/it\/trattamento-vistabel-contro-la-sudorazione-eccessiva\/#breadcrumb\",\"itemListElement\":[{\"@type\":\"ListItem\",\"position\":1,\"name\":\"Po\u010detna stranica\",\"item\":\"https:\/\/poliklinikapantovcak.com\/it\/\"},{\"@type\":\"ListItem\",\"position\":2,\"name\":\"Trattamento Vistabel contro la sudorazione eccessiva\"}]},{\"@type\":\"WebSite\",\"@id\":\"https:\/\/poliklinikapantovcak.com\/it\/#website\",\"url\":\"https:\/\/poliklinikapantovcak.com\/it\/\",\"name\":\"My Blog\",\"description\":\"My WordPress Blog\",\"potentialAction\":[{\"@type\":\"SearchAction\",\"target\":{\"@type\":\"EntryPoint\",\"urlTemplate\":\"https:\/\/poliklinikapantovcak.com\/it\/?s={search_term_string}\"},\"query-input\":{\"@type\":\"PropertyValueSpecification\",\"valueRequired\":true,\"valueName\":\"search_term_string\"}}],\"inLanguage\":\"it-IT\"}]}<\/script>\n<!-- \/ Yoast SEO plugin. -->","yoast_head_json":{"title":"Trattamento Vistabel contro la sudorazione eccessiva - My Blog","robots":{"index":"index","follow":"follow","max-snippet":"max-snippet:-1","max-image-preview":"max-image-preview:large","max-video-preview":"max-video-preview:-1"},"canonical":"https:\/\/poliklinikapantovcak.com\/it\/trattamento-vistabel-contro-la-sudorazione-eccessiva\/","og_locale":"it_IT","og_type":"article","og_title":"Trattamento Vistabel contro la sudorazione eccessiva - My Blog","og_description":"Trattamento Vistabel contro la sudorazione eccessiva La sudorazione \u00e8 un processo naturale importante per la salute dell'individuo perch\u00e9 partecipa alla regolazione della temperatura corporea e all'escrezione di sostanze nocive dall'organismo. Quando \u00e8 eccessivo provoca disagio. L'eccessiva sudorazione non \u00e8 associata alle alte temperature o all'attivit\u00e0 fisica ma \u00e8 un problema estetico e di salute. Cos'\u00e8 [&hellip;]","og_url":"https:\/\/poliklinikapantovcak.com\/it\/trattamento-vistabel-contro-la-sudorazione-eccessiva\/","og_site_name":"My Blog","article_modified_time":"2022-04-24T12:00:38+00:00","twitter_card":"summary_large_image","twitter_misc":{"Tempo di lettura stimato":"9 minuti"},"schema":{"@context":"https:\/\/schema.org","@graph":[{"@type":"WebPage","@id":"https:\/\/poliklinikapantovcak.com\/it\/trattamento-vistabel-contro-la-sudorazione-eccessiva\/","url":"https:\/\/poliklinikapantovcak.com\/it\/trattamento-vistabel-contro-la-sudorazione-eccessiva\/","name":"Trattamento Vistabel contro la sudorazione eccessiva - My Blog","isPartOf":{"@id":"https:\/\/poliklinikapantovcak.com\/it\/#website"},"datePublished":"2021-06-10T16:41:11+00:00","dateModified":"2022-04-24T12:00:38+00:00","breadcrumb":{"@id":"https:\/\/poliklinikapantovcak.com\/it\/trattamento-vistabel-contro-la-sudorazione-eccessiva\/#breadcrumb"},"inLanguage":"it-IT","potentialAction":[{"@type":"ReadAction","target":["https:\/\/poliklinikapantovcak.com\/it\/trattamento-vistabel-contro-la-sudorazione-eccessiva\/"]}]},{"@type":"BreadcrumbList","@id":"https:\/\/poliklinikapantovcak.com\/it\/trattamento-vistabel-contro-la-sudorazione-eccessiva\/#breadcrumb","itemListElement":[{"@type":"ListItem","position":1,"name":"Po\u010detna stranica","item":"https:\/\/poliklinikapantovcak.com\/it\/"},{"@type":"ListItem","position":2,"name":"Trattamento Vistabel contro la sudorazione eccessiva"}]},{"@type":"WebSite","@id":"https:\/\/poliklinikapantovcak.com\/it\/#website","url":"https:\/\/poliklinikapantovcak.com\/it\/","name":"My Blog","description":"My WordPress Blog","potentialAction":[{"@type":"SearchAction","target":{"@type":"EntryPoint","urlTemplate":"https:\/\/poliklinikapantovcak.com\/it\/?s={search_term_string}"},"query-input":{"@type":"PropertyValueSpecification","valueRequired":true,"valueName":"search_term_string"}}],"inLanguage":"it-IT"}]}},"_links":{"self":[{"href":"https:\/\/poliklinikapantovcak.com\/it\/wp-json\/wp\/v2\/pages\/1480"}],"collection":[{"href":"https:\/\/poliklinikapantovcak.com\/it\/wp-json\/wp\/v2\/pages"}],"about":[{"href":"https:\/\/poliklinikapantovcak.com\/it\/wp-json\/wp\/v2\/types\/page"}],"author":[{"embeddable":true,"href":"https:\/\/poliklinikapantovcak.com\/it\/wp-json\/wp\/v2\/users\/2"}],"replies":[{"embeddable":true,"href":"https:\/\/poliklinikapantovcak.com\/it\/wp-json\/wp\/v2\/comments?post=1480"}],"version-history":[{"count":3,"href":"https:\/\/poliklinikapantovcak.com\/it\/wp-json\/wp\/v2\/pages\/1480\/revisions"}],"predecessor-version":[{"id":1852,"href":"https:\/\/poliklinikapantovcak.com\/it\/wp-json\/wp\/v2\/pages\/1480\/revisions\/1852"}],"wp:attachment":[{"href":"https:\/\/poliklinikapantovcak.com\/it\/wp-json\/wp\/v2\/media?parent=1480"}],"curies":[{"name":"wp","href":"https:\/\/api.w.org\/{rel}","templated":true}]}}