{"id":1210,"date":"2021-10-18T12:47:47","date_gmt":"2021-10-18T12:47:47","guid":{"rendered":"https:\/\/poliklinikapantovcak.com\/contact\/"},"modified":"2022-04-01T12:13:07","modified_gmt":"2022-04-01T12:13:07","slug":"contact","status":"publish","type":"page","link":"https:\/\/poliklinikapantovcak.com\/en\/contact\/","title":{"rendered":"Contact"},"content":{"rendered":"<p>[et_pb_section fb_built=&#8221;1&#8243; admin_label=&#8221;Hero&#8221; _builder_version=&#8221;4.15&#8243; custom_padding=&#8221;100px|0px|100px|0px|true|false&#8221; bottom_divider_height=&#8221;0px&#8221; global_colors_info=&#8221;{}&#8221;][et_pb_row _builder_version=&#8221;4.15&#8243; custom_margin=&#8221;|||&#8221; custom_margin_tablet=&#8221;||0px|&#8221; custom_margin_last_edited=&#8221;off|desktop&#8221; custom_padding=&#8221;|||&#8221; global_colors_info=&#8221;{}&#8221;][et_pb_column type=&#8221;4_4&#8243; _builder_version=&#8221;4.15&#8243; custom_padding=&#8221;|||&#8221; custom_padding_tablet=&#8221;0px|50px|50px|50px&#8221; custom_padding_last_edited=&#8221;off|desktop&#8221; global_colors_info=&#8221;{}&#8221; padding_tablet=&#8221;0px|50px|50px|50px&#8221; padding_last_edited=&#8221;off|desktop&#8221; custom_padding__hover=&#8221;|||&#8221;][et_pb_text _builder_version=&#8221;4.15&#8243; text_font=&#8221;Montserrat|300|||||||&#8221; text_text_color=&#8221;#677a92&#8243; text_font_size=&#8221;16px&#8221; text_line_height=&#8221;1.8em&#8221; header_font=&#8221;Montserrat||||||||&#8221; header_font_size=&#8221;50px&#8221; header_line_height=&#8221;1.3em&#8221; header_2_font=&#8221;||||||||&#8221; max_width=&#8221;750px&#8221; custom_margin=&#8221;|||&#8221; custom_margin_tablet=&#8221;0px|50px||50px&#8221; custom_margin_phone=&#8221;|20px||&#8221; custom_margin_last_edited=&#8221;off|desktop&#8221; custom_padding=&#8221;|||&#8221; text_line_height_tablet=&#8221;1.8em&#8221; text_line_height_phone=&#8221;1.8em&#8221; text_line_height_last_edited=&#8221;on|phone&#8221; header_font_size_tablet=&#8221;&#8221; header_font_size_phone=&#8221;36px&#8221; header_font_size_last_edited=&#8221;on|phone&#8221; header_2_font_size_phone=&#8221;30px&#8221; header_2_font_size_last_edited=&#8221;off|desktop&#8221; locked=&#8221;off&#8221; global_colors_info=&#8221;{}&#8221;]<\/p>\n<h1>Contact us<\/h1>\n<p>[\/et_pb_text][et_pb_text _builder_version=&#8221;4.15&#8243; text_font=&#8221;Montserrat|300|||||||&#8221; text_font_size=&#8221;16px&#8221; text_line_height=&#8221;2em&#8221; link_font=&#8221;||||||||&#8221; ul_font=&#8221;||||||||&#8221; ol_font=&#8221;||||||||&#8221; quote_font=&#8221;||||||||&#8221; header_font=&#8221;||||||||&#8221; header_2_font=&#8221;Montserrat|300|||||||&#8221; header_2_text_color=&#8221;#212d3b&#8221; header_2_font_size=&#8221;40px&#8221; header_2_line_height=&#8221;1.5em&#8221; max_width=&#8221;750px&#8221; custom_margin=&#8221;|||&#8221; custom_margin_tablet=&#8221;0px|50px||50px&#8221; custom_margin_last_edited=&#8221;off|desktop&#8221; custom_padding=&#8221;|||&#8221; locked=&#8221;off&#8221; global_colors_info=&#8221;{}&#8221;]<\/p>\n<p>Feel free to contact us with questions or make an appointment <\/p>\n<p>[\/et_pb_text][et_pb_text _builder_version=&#8221;4.15&#8243; text_font=&#8221;Montserrat||||||||&#8221; text_text_color=&#8221;#FF5335&#8243; text_font_size=&#8221;22px&#8221; text_line_height=&#8221;2em&#8221; link_font=&#8221;||||||||&#8221; ul_font=&#8221;||||||||&#8221; ol_font=&#8221;||||||||&#8221; quote_font=&#8221;||||||||&#8221; header_font=&#8221;||||||||&#8221; header_text_color=&#8221;#FF5335&#8243; header_2_font=&#8221;Montserrat|300|||||||&#8221; header_2_text_color=&#8221;#212d3b&#8221; header_2_font_size=&#8221;40px&#8221; header_2_line_height=&#8221;1.5em&#8221; max_width=&#8221;600px&#8221; custom_margin=&#8221;|||&#8221; custom_margin_tablet=&#8221;0px|50px||50px&#8221; custom_margin_last_edited=&#8221;off|desktop&#8221; custom_padding=&#8221;|||&#8221; locked=&#8221;off&#8221; global_colors_info=&#8221;{}&#8221;]<\/p>\n<p><span style=\"white-space: nowrap;\">Phone: +385 1 48 22 091<\/span><\/p>\n<p>[\/et_pb_text][\/et_pb_column][\/et_pb_row][\/et_pb_section][et_pb_section fb_built=&#8221;1&#8243; admin_label=&#8221;FAQ&#8221; _builder_version=&#8221;4.15&#8243; background_color=&#8221;#f1f5f7&#8243; custom_margin=&#8221;-59px|||||&#8221; custom_padding=&#8221;0px|0|0px|0px|true|false&#8221; border_radii=&#8221;||15vw||&#8221; global_colors_info=&#8221;{}&#8221;][et_pb_row column_structure=&#8221;1_2,1_2&#8243; _builder_version=&#8221;4.15&#8243; global_colors_info=&#8221;{}&#8221;][et_pb_column type=&#8221;1_2&#8243; _builder_version=&#8221;4.15&#8243; custom_padding=&#8221;|||&#8221; global_colors_info=&#8221;{}&#8221; custom_padding__hover=&#8221;|||&#8221;][et_pb_text _builder_version=&#8221;4.15&#8243; text_font=&#8221;Montserrat|300|||||||&#8221; text_font_size=&#8221;16px&#8221; text_line_height=&#8221;1.8em&#8221; header_font=&#8221;||||||||&#8221; header_2_font=&#8221;Montserrat|300|||||||&#8221; header_2_font_size=&#8221;40px&#8221; header_2_line_height=&#8221;1.5em&#8221; header_3_font=&#8221;Montserrat|300|||||||&#8221; header_3_font_size=&#8221;30px&#8221; max_width=&#8221;600px&#8221; custom_margin=&#8221;|||&#8221; custom_margin_tablet=&#8221;0px|50px||50px&#8221; custom_margin_last_edited=&#8221;off|desktop&#8221; custom_padding=&#8221;|||&#8221; header_2_font_size_tablet=&#8221;&#8221; header_2_font_size_phone=&#8221;30px&#8221; header_2_font_size_last_edited=&#8221;on|phone&#8221; locked=&#8221;off&#8221; global_colors_info=&#8221;{}&#8221;]<\/p>\n<h3>Find us at 3 locations<\/h3>\n<p>[\/et_pb_text][et_pb_accordion closed_toggle_background_color=&#8221;#ffffff&#8221; icon_color=&#8221;#2f8cff&#8221; _builder_version=&#8221;4.15&#8243; toggle_font=&#8221;Montserrat|300|||||||&#8221; toggle_font_size=&#8221;20px&#8221; toggle_line_height=&#8221;1.5em&#8221; body_font=&#8221;Montserrat|300|||||||&#8221; body_font_size=&#8221;16px&#8221; body_line_height=&#8221;2em&#8221; animation_style=&#8221;zoom&#8221; animation_direction=&#8221;top&#8221; animation_intensity_zoom=&#8221;10%&#8221; border_radii=&#8221;on|10px|10px|10px|10px&#8221; border_width_all=&#8221;0px&#8221; global_colors_info=&#8221;{}&#8221;][et_pb_accordion_item title=&#8221;Croatia&#8221; open=&#8221;on&#8221; _builder_version=&#8221;4.15&#8243; global_colors_info=&#8221;{}&#8221;]<\/p>\n<p>Pantov\u010dak 38a<br \/>10000 Zagreb<br \/><a class=\"linkfooter\" href=\"tel:+385%201%2048%2022%20091\">+385 1 48 22 091<\/a><br \/><a class=\"linkfooter\" href=\"tel:+385%2099%2048%2022%20091\">+385 99 48 22 091<\/a><\/p>\n<p>Terzi\u0107eva 7<br \/>21000 Split<br \/><a class=\"linkfooter\" href=\"tel:+385%2099%2048%2022%20091\">+385 99 48 22 091<\/a><\/p>\n<p>[\/et_pb_accordion_item][et_pb_accordion_item title=&#8221;Slovenija&#8221; _builder_version=&#8221;4.15&#8243; global_colors_info=&#8221;{}&#8221; open=&#8221;off&#8221;]<\/p>\n<p>MD Clinic<br \/>Bohori\u010deva 5<br \/>1000 Ljubljana<br \/><a class=\"linkfooter\" href=\"tel:+386%2041%2048%2022%2020\">+386 41 48 22 20<\/a><\/p>\n<p>[\/et_pb_accordion_item][et_pb_accordion_item title=&#8221;Italy&#8221; _builder_version=&#8221;4.15&#8243; global_colors_info=&#8221;{}&#8221; open=&#8221;off&#8221;]<\/p>\n<p>Corso Sempione 10<br \/>20154 Milano<br \/><a class=\"linkfooter\" href=\"tel:+39%20344%2048%2022%20091\">+39 344 48 22 091<\/a><\/p>\n<p>Via Dante Alighieri 7<br \/>34122 Trst<br \/><a class=\"linkfooter\" href=\"tel:+39%20344%2048%2022%20091\">+39 344 48 22 091<\/a><\/p>\n<p>[\/et_pb_accordion_item][\/et_pb_accordion][\/et_pb_column][et_pb_column type=&#8221;1_2&#8243; _builder_version=&#8221;4.15&#8243; custom_padding=&#8221;|||&#8221; global_colors_info=&#8221;{}&#8221; custom_padding__hover=&#8221;|||&#8221;][et_pb_divider show_divider=&#8221;off&#8221; _builder_version=&#8221;4.15&#8243; _module_preset=&#8221;default&#8221; global_colors_info=&#8221;{}&#8221;][\/et_pb_divider][et_pb_divider show_divider=&#8221;off&#8221; _builder_version=&#8221;4.15&#8243; _module_preset=&#8221;default&#8221; global_colors_info=&#8221;{}&#8221;][\/et_pb_divider][et_pb_df_gravityform_injector id=&#8221;10&#8243; title=&#8221;off&#8221; description=&#8221;off&#8221; fb_background_color=&#8221;#FF5335&#8243; fb_background_color_hover=&#8221;#FF5335&#8243; fb_text_color_hover=&#8221;#FFFFFF&#8221; input_padding=&#8221;1px|16|16|16|false|false&#8221; input_background_color=&#8221;#FFFFFF&#8221; input_border_width=&#8221;0.7&#8243; _builder_version=&#8221;4.15.1&#8243; _module_preset=&#8221;default&#8221; label_font=&#8221;Montserrat|600|||||||&#8221; form_button_text_color=&#8221;#FFFFFF&#8221; custom_padding=&#8221;0px|0px|0px|0px|false|false&#8221; global_colors_info=&#8221;{}&#8221; global_module=&#8221;1326&#8243; theme_builder_area=&#8221;post_content&#8221;][\/et_pb_df_gravityform_injector][\/et_pb_column][\/et_pb_row][\/et_pb_section][et_pb_section fb_built=&#8221;1&#8243; next_background_color=&#8221;#ffffff&#8221; admin_label=&#8221;Give&#8221; _builder_version=&#8221;4.15&#8243; background_color=&#8221;#f1f5f7&#8243; min_height=&#8221;883px&#8221; custom_padding=&#8221;0|0px|0px|0px|false|false&#8221; bottom_divider_style=&#8221;wave2&#8243; bottom_divider_height=&#8221;120px&#8221; bottom_divider_repeat=&#8221;0.5x&#8221; bottom_divider_arrangement=&#8221;above_content&#8221; border_radii=&#8221;||15vw||&#8221; locked=&#8221;off&#8221; global_colors_info=&#8221;{}&#8221;][et_pb_row column_structure=&#8221;1_2,1_2&#8243; custom_padding_last_edited=&#8221;on|tablet&#8221; _builder_version=&#8221;4.15&#8243; width=&#8221;100%&#8221; max_width=&#8221;100%&#8221; custom_margin=&#8221;|||&#8221; custom_margin_tablet=&#8221;||0px|&#8221; custom_margin_phone=&#8221;&#8221; custom_margin_last_edited=&#8221;on|desktop&#8221; custom_padding=&#8221;0|0px||0px|false|false&#8221; custom_padding_tablet=&#8221;||27px|&#8221; custom_padding_phone=&#8221;&#8221; use_custom_width=&#8221;on&#8221; width_unit=&#8221;off&#8221; custom_width_percent=&#8221;100%&#8221; global_colors_info=&#8221;{}&#8221;][et_pb_column type=&#8221;1_2&#8243; _builder_version=&#8221;4.15&#8243; custom_padding=&#8221;|||&#8221; custom_padding_tablet=&#8221;0px|50px|50px|50px&#8221; custom_padding_last_edited=&#8221;off|desktop&#8221; global_colors_info=&#8221;{}&#8221; padding_tablet=&#8221;0px|50px|50px|50px&#8221; padding_last_edited=&#8221;off|desktop&#8221; custom_padding__hover=&#8221;|||&#8221;][et_pb_image src=&#8221;https:\/\/poliklinikapantovcak.com\/wp-content\/uploads\/2021\/12\/zagreb-poliklinika-pantovcak.jpg&#8221; title_text=&#8221;zagreb poliklinika pantovcak&#8221; force_fullwidth=&#8221;on&#8221; align_tablet=&#8221;center&#8221; align_phone=&#8221;&#8221; align_last_edited=&#8221;on|desktop&#8221; _builder_version=&#8221;4.15&#8243; custom_margin=&#8221;|||&#8221; custom_padding=&#8221;|||&#8221; animation_style=&#8221;slide&#8221; animation_direction=&#8221;left&#8221; animation_intensity_slide=&#8221;5%&#8221; border_radii=&#8221;|||15vw|&#8221; box_shadow_style=&#8221;preset3&#8243; box_shadow_vertical=&#8221;30px&#8221; box_shadow_blur=&#8221;80px&#8221; box_shadow_spread=&#8221;-30px&#8221; box_shadow_color=&#8221;rgba(102,141,186,0.7)&#8221; global_colors_info=&#8221;{}&#8221;][\/et_pb_image][\/et_pb_column][et_pb_column type=&#8221;1_2&#8243; _builder_version=&#8221;4.15&#8243; custom_padding=&#8221;5%|14%|5%|&#8221; custom_padding_tablet=&#8221;50px|50px|50px|50px|true|true&#8221; custom_padding_phone=&#8221;&#8221; custom_padding_last_edited=&#8221;on|tablet&#8221; global_colors_info=&#8221;{}&#8221; padding_tablet=&#8221;50px|50px|50px|50px|true|true&#8221; padding_last_edited=&#8221;on|tablet&#8221; custom_padding__hover=&#8221;|||&#8221; padding_phone=&#8221;50px|50px|50px|50px|true|true&#8221;][et_pb_text _builder_version=&#8221;4.15&#8243; text_font=&#8221;Montserrat|300|||||||&#8221; text_font_size=&#8221;16px&#8221; text_line_height=&#8221;1.8em&#8221; header_font=&#8221;||||||||&#8221; header_2_font=&#8221;Montserrat|300|||||||&#8221; header_2_font_size=&#8221;40px&#8221; header_2_line_height=&#8221;1.5em&#8221; max_width=&#8221;600px&#8221; custom_margin=&#8221;|||&#8221; custom_margin_tablet=&#8221;0px|50px||50px&#8221; custom_margin_last_edited=&#8221;off|desktop&#8221; custom_padding=&#8221;|||&#8221; header_2_font_size_tablet=&#8221;&#8221; header_2_font_size_phone=&#8221;30px&#8221; header_2_font_size_last_edited=&#8221;on|phone&#8221; global_colors_info=&#8221;{}&#8221;]<\/p>\n<h2>Need accommodation after surgery?<\/h2>\n<p>[\/et_pb_text][et_pb_text _builder_version=&#8221;4.15&#8243; text_font=&#8221;Montserrat|300|||||||&#8221; text_font_size=&#8221;16px&#8221; text_line_height=&#8221;2em&#8221; link_font=&#8221;||||||||&#8221; ul_font=&#8221;||||||||&#8221; ol_font=&#8221;||||||||&#8221; quote_font=&#8221;||||||||&#8221; header_font=&#8221;||||||||&#8221; header_2_font=&#8221;Montserrat|300|||||||&#8221; header_2_text_color=&#8221;#212d3b&#8221; header_2_font_size=&#8221;40px&#8221; header_2_line_height=&#8221;1.5em&#8221; max_width=&#8221;600px&#8221; custom_margin=&#8221;|||&#8221; custom_margin_tablet=&#8221;0px|50px||50px&#8221; custom_margin_last_edited=&#8221;off|desktop&#8221; custom_padding=&#8221;|||&#8221; locked=&#8221;off&#8221; global_colors_info=&#8221;{}&#8221;]Pantov\u010dak Hair Clinic specializes in &#8220;outpatient surgery&#8221;, which means that operated patients can return home immediately after the procedure.<\/p>\n<p>If it is a multi-day procedure or you do not want to return home the same day for personal reasons, we provide you with a suitable stay in a hotel or private accommodation in our neighborhood.<br \/>\n[\/et_pb_text][\/et_pb_column][\/et_pb_row][\/et_pb_section]<\/p>\n","protected":false},"excerpt":{"rendered":"<p>Contact us Feel free to contact us with questions or make an appointment Phone: +385 1 48 22 091Find us at 3 locations Pantov\u010dak 38a10000 Zagreb+385 1 48 22 091+385 99 48 22 091 Terzi\u0107eva 721000 Split+385 99 48 22 091MD ClinicBohori\u010deva 51000 Ljubljana+386 41 48 22 20Corso Sempione 1020154 Milano+39 344 48 22 091 [&hellip;]<\/p>\n","protected":false},"author":2,"featured_media":0,"parent":0,"menu_order":0,"comment_status":"closed","ping_status":"closed","template":"","meta":{"_et_pb_use_builder":"on","_et_pb_old_content":"","_et_gb_content_width":"","footnotes":""},"class_list":["post-1210","page","type-page","status-publish","hentry"],"yoast_head":"<!-- This site is optimized with the Yoast SEO plugin v23.8 - https:\/\/yoast.com\/wordpress\/plugins\/seo\/ -->\n<title>Contact - My Blog<\/title>\n<meta name=\"robots\" content=\"index, follow, max-snippet:-1, max-image-preview:large, max-video-preview:-1\" \/>\n<link rel=\"canonical\" href=\"https:\/\/poliklinikapantovcak.com\/en\/contact\/\" \/>\n<meta property=\"og:locale\" content=\"en_US\" \/>\n<meta property=\"og:type\" content=\"article\" \/>\n<meta property=\"og:title\" content=\"Contact - My Blog\" \/>\n<meta property=\"og:description\" content=\"Contact us Feel free to contact us with questions or make an appointment Phone: +385 1 48 22 091Find us at 3 locations Pantov\u010dak 38a10000 Zagreb+385 1 48 22 091+385 99 48 22 091 Terzi\u0107eva 721000 Split+385 99 48 22 091MD ClinicBohori\u010deva 51000 Ljubljana+386 41 48 22 20Corso Sempione 1020154 Milano+39 344 48 22 091 [&hellip;]\" \/>\n<meta property=\"og:url\" content=\"https:\/\/poliklinikapantovcak.com\/en\/contact\/\" \/>\n<meta property=\"og:site_name\" content=\"My Blog\" \/>\n<meta property=\"article:modified_time\" content=\"2022-04-01T12:13:07+00:00\" \/>\n<meta name=\"twitter:card\" content=\"summary_large_image\" \/>\n<meta name=\"twitter:label1\" content=\"Est. reading time\" \/>\n\t<meta name=\"twitter:data1\" content=\"6 minutes\" \/>\n<script type=\"application\/ld+json\" class=\"yoast-schema-graph\">{\"@context\":\"https:\/\/schema.org\",\"@graph\":[{\"@type\":\"WebPage\",\"@id\":\"https:\/\/poliklinikapantovcak.com\/en\/contact\/\",\"url\":\"https:\/\/poliklinikapantovcak.com\/en\/contact\/\",\"name\":\"Contact - My Blog\",\"isPartOf\":{\"@id\":\"https:\/\/poliklinikapantovcak.com\/en\/#website\"},\"datePublished\":\"2021-10-18T12:47:47+00:00\",\"dateModified\":\"2022-04-01T12:13:07+00:00\",\"breadcrumb\":{\"@id\":\"https:\/\/poliklinikapantovcak.com\/en\/contact\/#breadcrumb\"},\"inLanguage\":\"en-US\",\"potentialAction\":[{\"@type\":\"ReadAction\",\"target\":[\"https:\/\/poliklinikapantovcak.com\/en\/contact\/\"]}]},{\"@type\":\"BreadcrumbList\",\"@id\":\"https:\/\/poliklinikapantovcak.com\/en\/contact\/#breadcrumb\",\"itemListElement\":[{\"@type\":\"ListItem\",\"position\":1,\"name\":\"Po\u010detna stranica\",\"item\":\"https:\/\/poliklinikapantovcak.com\/en\/\"},{\"@type\":\"ListItem\",\"position\":2,\"name\":\"Contact\"}]},{\"@type\":\"WebSite\",\"@id\":\"https:\/\/poliklinikapantovcak.com\/en\/#website\",\"url\":\"https:\/\/poliklinikapantovcak.com\/en\/\",\"name\":\"My Blog\",\"description\":\"My WordPress Blog\",\"potentialAction\":[{\"@type\":\"SearchAction\",\"target\":{\"@type\":\"EntryPoint\",\"urlTemplate\":\"https:\/\/poliklinikapantovcak.com\/en\/?s={search_term_string}\"},\"query-input\":{\"@type\":\"PropertyValueSpecification\",\"valueRequired\":true,\"valueName\":\"search_term_string\"}}],\"inLanguage\":\"en-US\"}]}<\/script>\n<!-- \/ Yoast SEO plugin. -->","yoast_head_json":{"title":"Contact - My Blog","robots":{"index":"index","follow":"follow","max-snippet":"max-snippet:-1","max-image-preview":"max-image-preview:large","max-video-preview":"max-video-preview:-1"},"canonical":"https:\/\/poliklinikapantovcak.com\/en\/contact\/","og_locale":"en_US","og_type":"article","og_title":"Contact - My Blog","og_description":"Contact us Feel free to contact us with questions or make an appointment Phone: +385 1 48 22 091Find us at 3 locations Pantov\u010dak 38a10000 Zagreb+385 1 48 22 091+385 99 48 22 091 Terzi\u0107eva 721000 Split+385 99 48 22 091MD ClinicBohori\u010deva 51000 Ljubljana+386 41 48 22 20Corso Sempione 1020154 Milano+39 344 48 22 091 [&hellip;]","og_url":"https:\/\/poliklinikapantovcak.com\/en\/contact\/","og_site_name":"My Blog","article_modified_time":"2022-04-01T12:13:07+00:00","twitter_card":"summary_large_image","twitter_misc":{"Est. reading time":"6 minutes"},"schema":{"@context":"https:\/\/schema.org","@graph":[{"@type":"WebPage","@id":"https:\/\/poliklinikapantovcak.com\/en\/contact\/","url":"https:\/\/poliklinikapantovcak.com\/en\/contact\/","name":"Contact - My Blog","isPartOf":{"@id":"https:\/\/poliklinikapantovcak.com\/en\/#website"},"datePublished":"2021-10-18T12:47:47+00:00","dateModified":"2022-04-01T12:13:07+00:00","breadcrumb":{"@id":"https:\/\/poliklinikapantovcak.com\/en\/contact\/#breadcrumb"},"inLanguage":"en-US","potentialAction":[{"@type":"ReadAction","target":["https:\/\/poliklinikapantovcak.com\/en\/contact\/"]}]},{"@type":"BreadcrumbList","@id":"https:\/\/poliklinikapantovcak.com\/en\/contact\/#breadcrumb","itemListElement":[{"@type":"ListItem","position":1,"name":"Po\u010detna stranica","item":"https:\/\/poliklinikapantovcak.com\/en\/"},{"@type":"ListItem","position":2,"name":"Contact"}]},{"@type":"WebSite","@id":"https:\/\/poliklinikapantovcak.com\/en\/#website","url":"https:\/\/poliklinikapantovcak.com\/en\/","name":"My Blog","description":"My WordPress Blog","potentialAction":[{"@type":"SearchAction","target":{"@type":"EntryPoint","urlTemplate":"https:\/\/poliklinikapantovcak.com\/en\/?s={search_term_string}"},"query-input":{"@type":"PropertyValueSpecification","valueRequired":true,"valueName":"search_term_string"}}],"inLanguage":"en-US"}]}},"_links":{"self":[{"href":"https:\/\/poliklinikapantovcak.com\/en\/wp-json\/wp\/v2\/pages\/1210"}],"collection":[{"href":"https:\/\/poliklinikapantovcak.com\/en\/wp-json\/wp\/v2\/pages"}],"about":[{"href":"https:\/\/poliklinikapantovcak.com\/en\/wp-json\/wp\/v2\/types\/page"}],"author":[{"embeddable":true,"href":"https:\/\/poliklinikapantovcak.com\/en\/wp-json\/wp\/v2\/users\/2"}],"replies":[{"embeddable":true,"href":"https:\/\/poliklinikapantovcak.com\/en\/wp-json\/wp\/v2\/comments?post=1210"}],"version-history":[{"count":0,"href":"https:\/\/poliklinikapantovcak.com\/en\/wp-json\/wp\/v2\/pages\/1210\/revisions"}],"wp:attachment":[{"href":"https:\/\/poliklinikapantovcak.com\/en\/wp-json\/wp\/v2\/media?parent=1210"}],"curies":[{"name":"wp","href":"https:\/\/api.w.org\/{rel}","templated":true}]}}