{"id":1207,"date":"2021-12-15T10:32:20","date_gmt":"2021-12-15T10:32:20","guid":{"rendered":"https:\/\/poliklinikapantovcak.com\/consultations\/"},"modified":"2022-04-01T11:59:14","modified_gmt":"2022-04-01T11:59:14","slug":"consultations","status":"publish","type":"page","link":"https:\/\/poliklinikapantovcak.com\/en\/consultations\/","title":{"rendered":"Consultations"},"content":{"rendered":"<p>[et_pb_section fb_built=&#8221;1&#8243; admin_label=&#8221;Hero&#8221; _builder_version=&#8221;4.15&#8243; custom_margin=&#8221;||-59px|||&#8221; custom_padding=&#8221;0|0px|54px|0px|false|false&#8221; bottom_divider_height=&#8221;0px&#8221; border_width_bottom=&#8221;1px&#8221; border_color_bottom=&#8221;#efefef&#8221; global_colors_info=&#8221;{}&#8221;][et_pb_row column_structure=&#8221;1_2,1_2&#8243; _builder_version=&#8221;4.15&#8243; width=&#8221;100%&#8221; max_width=&#8221;100%&#8221; custom_margin=&#8221;|||&#8221; custom_margin_tablet=&#8221;||0px|&#8221; custom_margin_phone=&#8221;&#8221; custom_margin_last_edited=&#8221;on|desktop&#8221; custom_padding=&#8221;0|0px|27px|0px|false|false&#8221; use_custom_width=&#8221;on&#8221; width_unit=&#8221;off&#8221; custom_width_percent=&#8221;100%&#8221; global_colors_info=&#8221;{}&#8221;][et_pb_column type=&#8221;1_2&#8243; _builder_version=&#8221;4.15&#8243; custom_padding=&#8221;6%||6%|12%&#8221; custom_padding_tablet=&#8221;50px|50px|50px|50px&#8221; custom_padding_phone=&#8221;50px|50px|50px|50px&#8221; custom_padding_last_edited=&#8221;on|tablet&#8221; global_colors_info=&#8221;{}&#8221; padding_tablet=&#8221;50px|50px|50px|50px&#8221; padding_last_edited=&#8221;on|tablet&#8221; custom_padding__hover=&#8221;|||&#8221; padding_phone=&#8221;50px|50px|50px|50px&#8221;][et_pb_text _builder_version=&#8221;4.15&#8243; text_font=&#8221;Montserrat|300|||||||&#8221; text_text_color=&#8221;#677a92&#8243; text_font_size=&#8221;16px&#8221; text_line_height=&#8221;1.8em&#8221; header_font=&#8221;Montserrat||||||||&#8221; header_font_size=&#8221;50px&#8221; header_line_height=&#8221;1.3em&#8221; header_2_font=&#8221;||||||||&#8221; max_width=&#8221;600px&#8221; custom_margin=&#8221;|||&#8221; custom_margin_tablet=&#8221;0px|50px||50px&#8221; custom_margin_phone=&#8221;|20px||&#8221; custom_margin_last_edited=&#8221;off|desktop&#8221; custom_padding=&#8221;|||&#8221; text_line_height_tablet=&#8221;1.8em&#8221; text_line_height_phone=&#8221;1.8em&#8221; text_line_height_last_edited=&#8221;on|phone&#8221; header_font_size_tablet=&#8221;&#8221; header_font_size_phone=&#8221;36px&#8221; header_font_size_last_edited=&#8221;on|phone&#8221; header_2_font_size_phone=&#8221;30px&#8221; header_2_font_size_last_edited=&#8221;off|desktop&#8221; locked=&#8221;off&#8221; global_colors_info=&#8221;{}&#8221;]<\/p>\n<h1>Consultations<br \/>\n<\/h1>\n<p>[\/et_pb_text][et_pb_text _builder_version=&#8221;4.15&#8243; text_font=&#8221;Montserrat|300|||||||&#8221; text_font_size=&#8221;16px&#8221; text_line_height=&#8221;2em&#8221; link_font=&#8221;||||||||&#8221; ul_font=&#8221;||||||||&#8221; ol_font=&#8221;||||||||&#8221; quote_font=&#8221;||||||||&#8221; header_font=&#8221;||||||||&#8221; header_2_font=&#8221;Montserrat|300|||||||&#8221; header_2_text_color=&#8221;#212d3b&#8221; header_2_font_size=&#8221;40px&#8221; header_2_line_height=&#8221;1.5em&#8221; max_width=&#8221;600px&#8221; custom_margin=&#8221;|||&#8221; custom_margin_tablet=&#8221;0px|50px||50px&#8221; custom_margin_last_edited=&#8221;off|desktop&#8221; custom_padding=&#8221;|||&#8221; locked=&#8221;off&#8221; global_colors_info=&#8221;{}&#8221;]<\/p>\n<p>We highly recommend a <strong>free consultation examination<\/strong> for insight into your situation and assessment of the justification, the size and the cost of a possible <span style=\"text-decoration: underline;\"><a href=\"https:\/\/poliklinikapantovcak.com\/en\/fue-hair-transplant\/\">FUE hair transplant procedure<\/a><\/span>. If you are unable to reach us, you can send us a photo and we can comment it together over the phone.<\/p>\n<p>[\/et_pb_text][\/et_pb_column][et_pb_column type=&#8221;1_2&#8243; _builder_version=&#8221;4.15&#8243; custom_padding=&#8221;|||&#8221; global_colors_info=&#8221;{}&#8221; custom_padding__hover=&#8221;|||&#8221;][et_pb_image src=&#8221;https:\/\/poliklinikapantovcak.com\/wp-content\/uploads\/2021\/11\/poliklinikapantovcak09-scaled.jpg&#8221; title_text=&#8221;poliklinikapantovcak09&#8243; force_fullwidth=&#8221;on&#8221; align_tablet=&#8221;center&#8221; align_phone=&#8221;center&#8221; align_last_edited=&#8221;on|desktop&#8221; _builder_version=&#8221;4.15&#8243; custom_margin=&#8221;|||&#8221; custom_padding=&#8221;|||&#8221; border_radii=&#8221;|24vw|||24vw&#8221; border_color_all=&#8221;#FF5335&#8243; border_width_left=&#8221;2vw&#8221; box_shadow_style=&#8221;preset4&#8243; box_shadow_horizontal=&#8221;-30px&#8221; box_shadow_spread=&#8221;-10px&#8221; box_shadow_color=&#8221;#FF5335&#8243; global_colors_info=&#8221;{}&#8221;][\/et_pb_image][\/et_pb_column][\/et_pb_row][\/et_pb_section][et_pb_section fb_built=&#8221;1&#8243; _builder_version=&#8221;4.15&#8243; _module_preset=&#8221;default&#8221; global_colors_info=&#8221;{}&#8221;][et_pb_row column_structure=&#8221;1_2,1_2&#8243; _builder_version=&#8221;4.15&#8243; _module_preset=&#8221;default&#8221; global_colors_info=&#8221;{}&#8221;][et_pb_column type=&#8221;1_2&#8243; _builder_version=&#8221;4.15&#8243; _module_preset=&#8221;default&#8221; global_colors_info=&#8221;{}&#8221;][et_pb_accordion _builder_version=&#8221;4.15&#8243; _module_preset=&#8221;default&#8221; hover_enabled=&#8221;0&#8243; global_colors_info=&#8221;{}&#8221; body_font=&#8221;Montserrat|300|||||||&#8221; sticky_enabled=&#8221;0&#8243;][et_pb_accordion_item title=&#8221;Why do we recommend live consultations?&#8221; open=&#8221;on&#8221; _builder_version=&#8221;4.15&#8243; _module_preset=&#8221;default&#8221; body_text_color=&#8221;#000000&#8243; body_font_size=&#8221;16px&#8221; global_colors_info=&#8221;{}&#8221;]<\/p>\n<p>At the consultation examination it is possible, in addition to the insight into your specific case, experience the patient as a person, explain the realistic achievements of hair transplant because nowadays Google and marketing can give a wrong idea about the possibilities of transplantation. The patient is able to explain exactly what he wants and get answers to questions. It is possible to see the procedure live, and get an impression of the surgeon and the Polyclinic. Discretion is guaranteed; the patient does not encounter other patients nor are his photographs shown to others. <strong>Consultations are possible and free in Zagreb, Split, Ljubljana and Trieste.<\/strong><\/p>\n<p>[\/et_pb_accordion_item][et_pb_accordion_item title=&#8221;What does a consultation look like?&#8221; content_tablet=&#8221;<\/p>\n<p>Na konzultacijskom pregledu se u pravilu ne dogovaraju termini zahvata. Savjetujemo pacijentima da uzmu vremena prije dono\u0161enja kona\u010dne odluke, vide zahvat u\u017eivo ili kontaktiraju neke od na\u0161ih pacijenata. Zahvat se zbog raspolo\u017eivih termina preporu\u010da planirati 3 \u2013 4 tjedna unaprijed. Uz fotografije i telefonske konzultacije u nekim slu\u010dajevima zahvat se mo\u017ee dogovoriti i bez ranijeg konzultacijskog pregleda.<\/p>\n<p>Cilj kirur\u0161kog zahvata je na \u0161to efikasniji na\u010din iskoristiti raspolo\u017eivu kosu u stra\u017enjoj i postrani\u010dnim regijama na glavi. Ako je kosa u tim davaju\u0107im regijama zdrava zahvat je najvjerojatnije mogu\u0107, ali je bitno procijeniti kvalitetu kose i veli\u010dinu davaju\u0107e regije u odnosu na primaju\u0107e regije. Uz smjer i kut rasta i karakteristike kose kao \u0161to su valovitost, boja i tekstura tako\u0111er mogu utjecati na rezultat zahvata. Transplantacija kose je umjetnost mogu\u0107eg, tj. pojedincima sa jako malom davaju\u0107om regijom ne preporu\u010da se zahvat, a jako mladim pacijentima mo\u017ee se savjetovati da zahvat transplantacije kose odgode.<\/p>\n<p>Ve\u0107ini mu\u0161karaca mogu\u0107e je u jednom danu ovisno o kvaliteti vlasi transplantirati 2000 \u2013 2500 folikula. A kod guste, tamne, ravne i kratke kose i preko 3000 folikula. Operativni zahvat mo\u017ee trajati do 6 sati. U dvodnevnom zahvatu koji ukupno traje do 12 sati mogu\u0107e je transplantirati do 5000 folikula. Kod \u017eena mogu\u0107e je transplantirati 1500 \u2013 2000 folikula.<\/p>\n<p>Konzultacije i kontrolni pregledi nakon zahvata su besplatni. Pla\u0107anje je mogu\u0107e u gotovini, kreditnim karticama (do 36 rata) i preko transakcijskog ra\u010duna.<\/p>\n<p>Prije dolaska na konzultacijski pregled preporu\u010damo preko na\u0161e web stranice dobiti osnovne informacije o <span style=%22text-decoration: underline;%22><a href=%22https:\/\/poliklinikapantovcak.com\/blog\/opadanje-kose\/%22>opadanju kose<\/a><\/span> i <span style=%22text-decoration: underline;%22><a href=%22https:\/\/poliklinikapantovcak.com\/presadivanje-kose\/%22>presa\u0111ivanju kose<\/a><\/span>.<\/p>\n<p>&#8221; content_phone=&#8221;<\/p>\n<p>Na konzultacijskom pregledu se u pravilu ne dogovaraju termini zahvata. Savjetujemo pacijentima da uzmu vremena prije dono\u0161enja kona\u010dne odluke, vide zahvat u\u017eivo ili kontaktiraju neke od na\u0161ih pacijenata. Zahvat se zbog raspolo\u017eivih termina preporu\u010da planirati 3 \u2013 4 tjedna unaprijed. Uz fotografije i telefonske konzultacije u nekim slu\u010dajevima zahvat se mo\u017ee dogovoriti i bez ranijeg konzultacijskog pregleda.<\/p>\n<p>Cilj kirur\u0161kog zahvata je na \u0161to efikasniji na\u010din iskoristiti raspolo\u017eivu kosu u stra\u017enjoj i postrani\u010dnim regijama na glavi. Ako je kosa u tim davaju\u0107im regijama zdrava zahvat je najvjerojatnije mogu\u0107, ali je bitno procijeniti kvalitetu kose i veli\u010dinu davaju\u0107e regije u odnosu na primaju\u0107e regije. Uz smjer i kut rasta i karakteristike kose kao \u0161to su valovitost, boja i tekstura tako\u0111er mogu utjecati na rezultat zahvata. Transplantacija kose je umjetnost mogu\u0107eg, tj. pojedincima sa jako malom davaju\u0107om regijom ne preporu\u010da se zahvat, a jako mladim pacijentima mo\u017ee se savjetovati da zahvat transplantacije kose odgode.<\/p>\n<p>Ve\u0107ini mu\u0161karaca mogu\u0107e je u jednom danu ovisno o kvaliteti vlasi transplantirati 2000 \u2013 2500 folikula. A kod guste, tamne, ravne i kratke kose i preko 3000 folikula. Operativni zahvat mo\u017ee trajati do 6 sati. U dvodnevnom zahvatu koji ukupno traje do 12 sati mogu\u0107e je transplantirati do 5000 folikula. Kod \u017eena mogu\u0107e je transplantirati 1500 \u2013 2000 folikula.<\/p>\n<p>Konzultacije i kontrolni pregledi nakon zahvata su besplatni. Pla\u0107anje je mogu\u0107e u gotovini, kreditnim karticama (do 36 rata) i preko transakcijskog ra\u010duna.<\/p>\n<p>Prije dolaska na konzultacijski pregled preporu\u010damo preko na\u0161e web stranice dobiti osnovne informacije o <span style=%22text-decoration: underline;%22><a href=%22https:\/\/poliklinikapantovcak.com\/blog\/opadanje-kose\/%22>opadanju kose<\/a><\/span> i <span style=%22text-decoration: underline;%22><a href=%22https:\/\/poliklinikapantovcak.com\/presadivanje-kose\/%22>presa\u0111ivanju kose<\/a><\/span>.<\/p>\n<p>&#8221; content_last_edited=&#8221;on|desktop&#8221; _builder_version=&#8221;4.15&#8243; _module_preset=&#8221;default&#8221; body_text_color=&#8221;#000000&#8243; body_font_size=&#8221;16px&#8221; global_colors_info=&#8221;{}&#8221; open=&#8221;off&#8221;]<\/p>\n<p>At the consultation examination we do not generally schedule the term of the procedure. We advise patients to take time before making a final decision, see the procedure live or contact some of our patients. We recommend planning the procedure due to available dates three to four weeks in advance. n some cases with photos and a telephone consultation the surgery can be arranged without a prior consultation examination.<\/p>\n<p>The goal of the surgery is to use as efficiently as possible the available hair of the back and the side regions of the head. If the hair in these donor areas is healthy the procedure is probably possible, but it is important to assess the quality of the hair and the size of the donor region in relation to the receiving regions. Besides the direction and the angle of hair growth, the characteristics such as waviness, color and texture can also affect the result of the procedure. Hair transplantation is the art of the possible and thus to individuals with a limited donor region we do not recommend the surgery, whereas very young patients may be advised to delay the hair transplant surgery.<\/p>\n<p>To most men in one day, depending on the quality of the hair, we can transplant 2000 \u2013 2500 follicles; with thick, dark, straight and short hair also over 3000 hair follicles. The procedure can last up to 6 hours. In a two-day procedure that lasts for up to 12 hours up to 5000 follicles can be transplanted. In women, it is possible to transplant 1500 \u2013 2000 follicles in one day.<\/p>\n<p>Consultations and check-ups after surgery are free. Payments can be in cash, with credit cards (up to 36 installments) and via a transaction account.<\/p>\n<p>Prije dolaska na konzultacijski pregled preporu\u010damo preko na\u0161e web stranice dobiti osnovne informacije o <span style=\"text-decoration: underline;\"><a href=\"https:\/\/poliklinikapantovcak.com\/en\/blog-en\/hair-loss\/\">opadanju kose<\/a><\/span> i <span style=\"text-decoration: underline;\"><a href=\"https:\/\/poliklinikapantovcak.com\/en\/hair-transplantation\/\">presa\u0111ivanju kose<\/a><\/span>.<\/p>\n<p>[\/et_pb_accordion_item][\/et_pb_accordion][\/et_pb_column][et_pb_column type=&#8221;1_2&#8243; _builder_version=&#8221;4.15&#8243; _module_preset=&#8221;default&#8221; global_colors_info=&#8221;{}&#8221;][et_pb_text _builder_version=&#8221;4.15&#8243; text_font=&#8221;Montserrat|300|||||||&#8221; text_text_color=&#8221;#677a92&#8243; text_font_size=&#8221;16px&#8221; text_line_height=&#8221;1.8em&#8221; header_font=&#8221;Montserrat||||||||&#8221; header_font_size=&#8221;50px&#8221; header_line_height=&#8221;1.3em&#8221; header_2_font=&#8221;||||||||&#8221; max_width=&#8221;600px&#8221; custom_margin=&#8221;|||&#8221; custom_margin_tablet=&#8221;0px|50px||50px&#8221; custom_margin_phone=&#8221;|20px||&#8221; custom_margin_last_edited=&#8221;off|desktop&#8221; custom_padding=&#8221;|||&#8221; link_option_url=&#8221;#kontakt&#8221; text_line_height_tablet=&#8221;1.8em&#8221; text_line_height_phone=&#8221;1.8em&#8221; text_line_height_last_edited=&#8221;on|phone&#8221; header_font_size_tablet=&#8221;&#8221; header_font_size_phone=&#8221;36px&#8221; header_font_size_last_edited=&#8221;on|phone&#8221; header_2_font_size_phone=&#8221;30px&#8221; header_2_font_size_last_edited=&#8221;off|desktop&#8221; locked=&#8221;off&#8221; global_colors_info=&#8221;{}&#8221;]<\/p>\n<h2 style=\"text-align: left;\">Make an appointment<\/h2>\n<p>[\/et_pb_text][et_pb_df_gravityform_injector id=&#8221;10&#8243; title=&#8221;off&#8221; description=&#8221;off&#8221; fb_background_color=&#8221;#FF5335&#8243; fb_background_color_hover=&#8221;#FF5335&#8243; fb_text_color_hover=&#8221;#FFFFFF&#8221; input_padding=&#8221;1px|16|16|16|false|false&#8221; input_background_color=&#8221;#FFFFFF&#8221; input_border_width=&#8221;0.7&#8243; _builder_version=&#8221;4.15.1&#8243; _module_preset=&#8221;default&#8221; label_font=&#8221;Montserrat|600|||||||&#8221; form_button_text_color=&#8221;#FFFFFF&#8221; custom_padding=&#8221;0px|0px|0px|0px|false|false&#8221; global_colors_info=&#8221;{}&#8221; global_module=&#8221;1326&#8243; theme_builder_area=&#8221;post_content&#8221;][\/et_pb_df_gravityform_injector][et_pb_code _builder_version=&#8221;4.15&#8243; _module_preset=&#8221;default&#8221; global_colors_info=&#8221;{}&#8221;][\/et_pb_code][\/et_pb_column][\/et_pb_row][\/et_pb_section][et_pb_section fb_built=&#8221;1&#8243; custom_padding_last_edited=&#8221;on|phone&#8221; next_background_color=&#8221;#ffffff&#8221; admin_label=&#8221;Testimonial Section&#8221; _builder_version=&#8221;4.15&#8243; background_color=&#8221;#f1f5f7&#8243; background_image=&#8221;https:\/\/poliklinikapantovcak.com\/wp-content\/uploads\/2021\/06\/quotes.png&#8221; background_size=&#8221;initial&#8221; background_position=&#8221;bottom_right&#8221; min_height=&#8221;453.7px&#8221; custom_margin=&#8221;||-16px|||&#8221; custom_padding=&#8221;50px|0|94px|0px|false|false&#8221; custom_padding_tablet=&#8221;100px||100px|&#8221; custom_padding_phone=&#8221;&#8221; top_divider_repeat=&#8221;0.2x&#8221; top_divider_flip=&#8221;horizontal&#8221; bottom_divider_style=&#8221;waves2&#8243; bottom_divider_repeat=&#8221;0.2x&#8221; bottom_divider_flip=&#8221;horizontal&#8221; locked=&#8221;off&#8221; global_colors_info=&#8221;{}&#8221;][et_pb_row _builder_version=&#8221;4.15&#8243; _module_preset=&#8221;default&#8221; global_colors_info=&#8221;{}&#8221;][et_pb_column type=&#8221;4_4&#8243; _builder_version=&#8221;4.15&#8243; _module_preset=&#8221;default&#8221; global_colors_info=&#8221;{}&#8221;][et_pb_text _builder_version=&#8221;4.15&#8243; text_font=&#8221;Montserrat||||||||&#8221; text_text_color=&#8221;#000000&#8243; header_font=&#8221;||||||||&#8221; header_2_font=&#8221;Montserrat|300|||||||&#8221; header_2_text_align=&#8221;center&#8221; header_2_font_size=&#8221;50px&#8221; header_2_line_height=&#8221;1.4em&#8221; text_orientation=&#8221;center&#8221; background_layout=&#8221;dark&#8221; header_2_font_size_tablet=&#8221;&#8221; header_2_font_size_phone=&#8221;30px&#8221; header_2_font_size_last_edited=&#8221;on|phone&#8221; header_2_line_height_tablet=&#8221;1.4em&#8221; header_2_line_height_phone=&#8221;&#8221; header_2_line_height_last_edited=&#8221;on|desktop&#8221; global_colors_info=&#8221;{}&#8221;]<\/p>\n<h2><span style=\"color: #000000;\">Patient experiences<\/span><\/h2>\n<p>[\/et_pb_text][\/et_pb_column][\/et_pb_row][et_pb_row column_structure=&#8221;1_2,1_2&#8243; admin_label=&#8221;Content Area&#8221; _builder_version=&#8221;4.15&#8243; custom_padding=&#8221;0|0px|2px|0px&#8221; global_colors_info=&#8221;{}&#8221;][et_pb_column type=&#8221;1_2&#8243; _builder_version=&#8221;4.15&#8243; custom_padding=&#8221;|||&#8221; global_colors_info=&#8221;{}&#8221; custom_padding__hover=&#8221;|||&#8221;][et_pb_text _builder_version=&#8221;4.15&#8243; text_font=&#8221;Montserrat|300|on||||||&#8221; text_font_size=&#8221;20px&#8221; text_line_height=&#8221;1.8em&#8221; text_orientation=&#8221;center&#8221; max_width=&#8221;800px&#8221; module_alignment=&#8221;center&#8221; global_colors_info=&#8221;{}&#8221;]For all those who suffer from hair loss, the choice of FUE transplantation by Dr. Markovina and his team is a complete success. Extremely professional approach, lasting results, the treatment is like a slightly longer visit to the dentist, and the new hair has a completely natural look.[\/et_pb_text][et_pb_blurb title=&#8221;Drago Lokas&#8221; image_icon_width=&#8221;100px&#8221; _builder_version=&#8221;4.15&#8243; header_font=&#8221;Montserrat||||||||&#8221; header_font_size=&#8221;19px&#8221; body_font=&#8221;Montserrat|300|||||||&#8221; body_text_align=&#8221;center&#8221; body_font_size=&#8221;16px&#8221; text_orientation=&#8221;center&#8221; custom_padding=&#8221;|||&#8221; border_radii_image=&#8221;on|100%|100%|100%|100%&#8221; image_max_width=&#8221;100px&#8221; global_colors_info=&#8221;{}&#8221;]<\/p>\n<p>Patient<\/p>\n<p>[\/et_pb_blurb][\/et_pb_column][et_pb_column type=&#8221;1_2&#8243; _builder_version=&#8221;4.15&#8243; custom_padding=&#8221;|||&#8221; global_colors_info=&#8221;{}&#8221; custom_padding__hover=&#8221;|||&#8221;][et_pb_text _builder_version=&#8221;4.15&#8243; text_font=&#8221;Montserrat|300|on||||||&#8221; text_font_size=&#8221;20px&#8221; text_line_height=&#8221;1.8em&#8221; text_orientation=&#8221;center&#8221; max_width=&#8221;800px&#8221; module_alignment=&#8221;center&#8221; global_colors_info=&#8221;{}&#8221;]<\/p>\n<p>Dr. Markovina is one of the few doctors who is characterized by superlative knowledge and skills! His interventions and work are imbued with exceptional patience and detail! This is truly a top surgeon with highly aesthetic results!<\/p>\n<p>[\/et_pb_text][et_pb_blurb title=&#8221;Dr. David Rai\u010dkovi\u0107&#8221; image_icon_width=&#8221;100px&#8221; _builder_version=&#8221;4.15&#8243; header_font=&#8221;Montserrat||||||||&#8221; header_font_size=&#8221;19px&#8221; body_font=&#8221;Montserrat|300|||||||&#8221; body_text_align=&#8221;center&#8221; body_font_size=&#8221;16px&#8221; text_orientation=&#8221;center&#8221; custom_padding=&#8221;|||&#8221; border_radii_image=&#8221;on|100%|100%|100%|100%&#8221; image_max_width=&#8221;100px&#8221; global_colors_info=&#8221;{}&#8221;]<\/p>\n<p>Patient<\/p>\n<p>[\/et_pb_blurb][\/et_pb_column][\/et_pb_row][\/et_pb_section]<\/p>\n","protected":false},"excerpt":{"rendered":"<p>Consultations We highly recommend a free consultation examination for insight into your situation and assessment of the justification, the size and the cost of a possible FUE hair transplant procedure. If you are unable to reach us, you can send us a photo and we can comment it together over the phone.At the consultation examination [&hellip;]<\/p>\n","protected":false},"author":2,"featured_media":0,"parent":0,"menu_order":0,"comment_status":"closed","ping_status":"closed","template":"","meta":{"_et_pb_use_builder":"on","_et_pb_old_content":"","_et_gb_content_width":"","footnotes":""},"class_list":["post-1207","page","type-page","status-publish","hentry"],"yoast_head":"<!-- This site is optimized with the Yoast SEO plugin v23.8 - https:\/\/yoast.com\/wordpress\/plugins\/seo\/ -->\n<title>Consultations - My Blog<\/title>\n<meta name=\"robots\" content=\"index, follow, max-snippet:-1, max-image-preview:large, max-video-preview:-1\" \/>\n<link rel=\"canonical\" href=\"https:\/\/poliklinikapantovcak.com\/en\/consultations\/\" \/>\n<meta property=\"og:locale\" content=\"en_US\" \/>\n<meta property=\"og:type\" content=\"article\" \/>\n<meta property=\"og:title\" content=\"Consultations - My Blog\" \/>\n<meta property=\"og:description\" content=\"Consultations We highly recommend a free consultation examination for insight into your situation and assessment of the justification, the size and the cost of a possible FUE hair transplant procedure. If you are unable to reach us, you can send us a photo and we can comment it together over the phone.At the consultation examination [&hellip;]\" \/>\n<meta property=\"og:url\" content=\"https:\/\/poliklinikapantovcak.com\/en\/consultations\/\" \/>\n<meta property=\"og:site_name\" content=\"My Blog\" \/>\n<meta property=\"article:modified_time\" content=\"2022-04-01T11:59:14+00:00\" \/>\n<meta name=\"twitter:card\" content=\"summary_large_image\" \/>\n<meta name=\"twitter:label1\" content=\"Est. reading time\" \/>\n\t<meta name=\"twitter:data1\" content=\"11 minutes\" \/>\n<script type=\"application\/ld+json\" class=\"yoast-schema-graph\">{\"@context\":\"https:\/\/schema.org\",\"@graph\":[{\"@type\":\"WebPage\",\"@id\":\"https:\/\/poliklinikapantovcak.com\/en\/consultations\/\",\"url\":\"https:\/\/poliklinikapantovcak.com\/en\/consultations\/\",\"name\":\"Consultations - My Blog\",\"isPartOf\":{\"@id\":\"https:\/\/poliklinikapantovcak.com\/en\/#website\"},\"datePublished\":\"2021-12-15T10:32:20+00:00\",\"dateModified\":\"2022-04-01T11:59:14+00:00\",\"breadcrumb\":{\"@id\":\"https:\/\/poliklinikapantovcak.com\/en\/consultations\/#breadcrumb\"},\"inLanguage\":\"en-US\",\"potentialAction\":[{\"@type\":\"ReadAction\",\"target\":[\"https:\/\/poliklinikapantovcak.com\/en\/consultations\/\"]}]},{\"@type\":\"BreadcrumbList\",\"@id\":\"https:\/\/poliklinikapantovcak.com\/en\/consultations\/#breadcrumb\",\"itemListElement\":[{\"@type\":\"ListItem\",\"position\":1,\"name\":\"Po\u010detna stranica\",\"item\":\"https:\/\/poliklinikapantovcak.com\/en\/\"},{\"@type\":\"ListItem\",\"position\":2,\"name\":\"Consultations\"}]},{\"@type\":\"WebSite\",\"@id\":\"https:\/\/poliklinikapantovcak.com\/en\/#website\",\"url\":\"https:\/\/poliklinikapantovcak.com\/en\/\",\"name\":\"My Blog\",\"description\":\"My WordPress Blog\",\"potentialAction\":[{\"@type\":\"SearchAction\",\"target\":{\"@type\":\"EntryPoint\",\"urlTemplate\":\"https:\/\/poliklinikapantovcak.com\/en\/?s={search_term_string}\"},\"query-input\":{\"@type\":\"PropertyValueSpecification\",\"valueRequired\":true,\"valueName\":\"search_term_string\"}}],\"inLanguage\":\"en-US\"}]}<\/script>\n<!-- \/ Yoast SEO plugin. -->","yoast_head_json":{"title":"Consultations - My Blog","robots":{"index":"index","follow":"follow","max-snippet":"max-snippet:-1","max-image-preview":"max-image-preview:large","max-video-preview":"max-video-preview:-1"},"canonical":"https:\/\/poliklinikapantovcak.com\/en\/consultations\/","og_locale":"en_US","og_type":"article","og_title":"Consultations - My Blog","og_description":"Consultations We highly recommend a free consultation examination for insight into your situation and assessment of the justification, the size and the cost of a possible FUE hair transplant procedure. If you are unable to reach us, you can send us a photo and we can comment it together over the phone.At the consultation examination [&hellip;]","og_url":"https:\/\/poliklinikapantovcak.com\/en\/consultations\/","og_site_name":"My Blog","article_modified_time":"2022-04-01T11:59:14+00:00","twitter_card":"summary_large_image","twitter_misc":{"Est. reading time":"11 minutes"},"schema":{"@context":"https:\/\/schema.org","@graph":[{"@type":"WebPage","@id":"https:\/\/poliklinikapantovcak.com\/en\/consultations\/","url":"https:\/\/poliklinikapantovcak.com\/en\/consultations\/","name":"Consultations - My Blog","isPartOf":{"@id":"https:\/\/poliklinikapantovcak.com\/en\/#website"},"datePublished":"2021-12-15T10:32:20+00:00","dateModified":"2022-04-01T11:59:14+00:00","breadcrumb":{"@id":"https:\/\/poliklinikapantovcak.com\/en\/consultations\/#breadcrumb"},"inLanguage":"en-US","potentialAction":[{"@type":"ReadAction","target":["https:\/\/poliklinikapantovcak.com\/en\/consultations\/"]}]},{"@type":"BreadcrumbList","@id":"https:\/\/poliklinikapantovcak.com\/en\/consultations\/#breadcrumb","itemListElement":[{"@type":"ListItem","position":1,"name":"Po\u010detna stranica","item":"https:\/\/poliklinikapantovcak.com\/en\/"},{"@type":"ListItem","position":2,"name":"Consultations"}]},{"@type":"WebSite","@id":"https:\/\/poliklinikapantovcak.com\/en\/#website","url":"https:\/\/poliklinikapantovcak.com\/en\/","name":"My Blog","description":"My WordPress Blog","potentialAction":[{"@type":"SearchAction","target":{"@type":"EntryPoint","urlTemplate":"https:\/\/poliklinikapantovcak.com\/en\/?s={search_term_string}"},"query-input":{"@type":"PropertyValueSpecification","valueRequired":true,"valueName":"search_term_string"}}],"inLanguage":"en-US"}]}},"_links":{"self":[{"href":"https:\/\/poliklinikapantovcak.com\/en\/wp-json\/wp\/v2\/pages\/1207"}],"collection":[{"href":"https:\/\/poliklinikapantovcak.com\/en\/wp-json\/wp\/v2\/pages"}],"about":[{"href":"https:\/\/poliklinikapantovcak.com\/en\/wp-json\/wp\/v2\/types\/page"}],"author":[{"embeddable":true,"href":"https:\/\/poliklinikapantovcak.com\/en\/wp-json\/wp\/v2\/users\/2"}],"replies":[{"embeddable":true,"href":"https:\/\/poliklinikapantovcak.com\/en\/wp-json\/wp\/v2\/comments?post=1207"}],"version-history":[{"count":0,"href":"https:\/\/poliklinikapantovcak.com\/en\/wp-json\/wp\/v2\/pages\/1207\/revisions"}],"wp:attachment":[{"href":"https:\/\/poliklinikapantovcak.com\/en\/wp-json\/wp\/v2\/media?parent=1207"}],"curies":[{"name":"wp","href":"https:\/\/api.w.org\/{rel}","templated":true}]}}